{"id":10,"date":"2025-01-18T15:33:44","date_gmt":"2025-01-18T15:33:44","guid":{"rendered":"https:\/\/xuanmashop.com\/?page_id=10"},"modified":"2025-06-18T10:55:11","modified_gmt":"2025-06-18T10:55:11","slug":"refund_returns","status":"publish","type":"page","link":"https:\/\/xuanmashop.com\/vi\/refund_returns\/","title":{"rendered":"Ch\u00ednh s\u00e1ch ho\u00e0n ti\u1ec1n v\u00e0 \u0111\u1ed5i tr\u1ea3"},"content":{"rendered":"<div data-elementor-type=\"wp-page\" data-elementor-id=\"10\" class=\"elementor elementor-10\" data-elementor-settings=\"{&quot;element_pack_global_tooltip_width&quot;:{&quot;unit&quot;:&quot;px&quot;,&quot;size&quot;:&quot;&quot;,&quot;sizes&quot;:[]},&quot;element_pack_global_tooltip_width_tablet&quot;:{&quot;unit&quot;:&quot;px&quot;,&quot;size&quot;:&quot;&quot;,&quot;sizes&quot;:[]},&quot;element_pack_global_tooltip_width_mobile&quot;:{&quot;unit&quot;:&quot;px&quot;,&quot;size&quot;:&quot;&quot;,&quot;sizes&quot;:[]},&quot;element_pack_global_tooltip_padding&quot;:{&quot;unit&quot;:&quot;px&quot;,&quot;top&quot;:&quot;&quot;,&quot;right&quot;:&quot;&quot;,&quot;bottom&quot;:&quot;&quot;,&quot;left&quot;:&quot;&quot;,&quot;isLinked&quot;:true},&quot;element_pack_global_tooltip_padding_tablet&quot;:{&quot;unit&quot;:&quot;px&quot;,&quot;top&quot;:&quot;&quot;,&quot;right&quot;:&quot;&quot;,&quot;bottom&quot;:&quot;&quot;,&quot;left&quot;:&quot;&quot;,&quot;isLinked&quot;:true},&quot;element_pack_global_tooltip_padding_mobile&quot;:{&quot;unit&quot;:&quot;px&quot;,&quot;top&quot;:&quot;&quot;,&quot;right&quot;:&quot;&quot;,&quot;bottom&quot;:&quot;&quot;,&quot;left&quot;:&quot;&quot;,&quot;isLinked&quot;:true},&quot;element_pack_global_tooltip_border_radius&quot;:{&quot;unit&quot;:&quot;px&quot;,&quot;top&quot;:&quot;&quot;,&quot;right&quot;:&quot;&quot;,&quot;bottom&quot;:&quot;&quot;,&quot;left&quot;:&quot;&quot;,&quot;isLinked&quot;:true},&quot;element_pack_global_tooltip_border_radius_tablet&quot;:{&quot;unit&quot;:&quot;px&quot;,&quot;top&quot;:&quot;&quot;,&quot;right&quot;:&quot;&quot;,&quot;bottom&quot;:&quot;&quot;,&quot;left&quot;:&quot;&quot;,&quot;isLinked&quot;:true},&quot;element_pack_global_tooltip_border_radius_mobile&quot;:{&quot;unit&quot;:&quot;px&quot;,&quot;top&quot;:&quot;&quot;,&quot;right&quot;:&quot;&quot;,&quot;bottom&quot;:&quot;&quot;,&quot;left&quot;:&quot;&quot;,&quot;isLinked&quot;:true}}\" data-elementor-post-type=\"page\">\n\t\t\t\t<div class=\"wd-negative-gap elementor-element elementor-element-4386b2ec e-flex e-con-boxed e-con e-parent\" data-id=\"4386b2ec\" data-element_type=\"container\">\n\t\t\t\t\t<div class=\"e-con-inner\">\n\t\t\t\t<div class=\"elementor-element elementor-element-e40782f color-scheme-inherit text-left elementor-widget elementor-widget-text-editor\" data-id=\"e40782f\" data-element_type=\"widget\" data-widget_type=\"text-editor.default\">\n\t\t\t\t<div class=\"elementor-widget-container\">\n\t\t\t\t\t\t\t\t\t\n<h1>1. T\u01b0\u01a1i ngon l\u00e0 \u01b0u ti\u00ean h\u00e0ng \u0111\u1ea7u, lu\u00f4n lu\u00f4n.<\/h1>\n<p>V\u00ec s\u1ea3n ph\u1ea9m c\u1ee7a ch\u00fang t\u00f4i l\u00e0 h\u00e0ng d\u1ec5 h\u1ecfng v\u00e0 \u0111\u01b0\u1ee3c s\u1ea3n xu\u1ea5t t\u01b0\u01a1i m\u1edbi theo t\u1eebng l\u00f4 nh\u1ecf, ch\u00fang t\u00f4i kh\u00f4ng ch\u1ea5p nh\u1eadn \u0111\u1ed5i tr\u1ea3 sau khi \u0111\u01a1n h\u00e0ng \u0111\u00e3 \u0111\u01b0\u1ee3c giao.<br \/><br \/><\/p>\n<h2>2. \u0110\u01a1n h\u00e0ng b\u1ecb h\u01b0 h\u1ecfng ho\u1eb7c sai s\u00f3t<\/h2>\n<p>N\u1ebfu \u0111\u01a1n h\u00e0ng c\u1ee7a b\u1ea1n b\u1ecb h\u01b0 h\u1ecfng ho\u1eb7c sai s\u00f3t, vui l\u00f2ng li\u00ean h\u1ec7 v\u1edbi ch\u00fang t\u00f4i trong v\u00f2ng 48 gi\u1edd k\u1ec3 t\u1eeb khi nh\u1eadn h\u00e0ng k\u00e8m theo h\u00ecnh \u1ea3nh r\u00f5 r\u00e0ng v\u00e0 s\u1ed1 \u0111\u01a1n h\u00e0ng c\u1ee7a b\u1ea1n. Ch\u00fang t\u00f4i s\u1ebd xem x\u00e9t v\u1ea5n \u0111\u1ec1 v\u00e0 s\u1ebd g\u1eedi l\u1ea1i s\u1ea3n ph\u1ea9m ho\u1eb7c ho\u00e0n ti\u1ec1n cho b\u1ea1n.<br \/><br \/><\/p>\n<h2>3. Kh\u00f4ng ho\u00e0n ti\u1ec1n cho s\u1edf th\u00edch v\u1ec1 h\u01b0\u01a1ng v\u1ecb.<\/h2>\n<p>V\u00ec s\u1ea3n ph\u1ea9m c\u1ee7a ch\u00fang t\u00f4i l\u00e0 th\u1ef1c ph\u1ea9m, ch\u00fang t\u00f4i kh\u00f4ng ch\u1ea5p nh\u1eadn \u0111\u1ed5i tr\u1ea3 ho\u1eb7c ho\u00e0n ti\u1ec1n d\u1ef1a tr\u00ean s\u1edf th\u00edch c\u00e1 nh\u00e2n v\u1ec1 h\u01b0\u01a1ng v\u1ecb. Vui l\u00f2ng ki\u1ec3m tra m\u00f4 t\u1ea3 s\u1ea3n ph\u1ea9m v\u00e0 th\u00e0nh ph\u1ea7n tr\u01b0\u1edbc khi \u0111\u1eb7t h\u00e0ng.<\/p>\n<h2>4. \u0110i\u1ec1u ki\u1ec7n ho\u00e0n ti\u1ec1n<\/h2>\n<p>Ho\u00e0n ti\u1ec1n ch\u1ec9 \u0111\u01b0\u1ee3c \u00e1p d\u1ee5ng trong c\u00e1c tr\u01b0\u1eddng h\u1ee3p sau:<\/p>\n<p>S\u1ea3n ph\u1ea9m \u0111\u00e3 b\u1ecb h\u01b0 h\u1ecfng trong qu\u00e1 tr\u00ecnh v\u1eadn chuy\u1ec3n.<\/p>\n<p>B\u1ea1n \u0111\u00e3 nh\u1eadn \u0111\u01b0\u1ee3c s\u1ea3n ph\u1ea9m sai.<\/p>\n<p>G\u00f3i h\u00e0ng c\u1ee7a b\u1ea1n ch\u01b0a bao gi\u1edd \u0111\u01b0\u1ee3c giao (c\u00f3 x\u00e1c nh\u1eadn theo d\u00f5i).<\/p>\n<h2>5. C\u00e1ch y\u00eau c\u1ea7u ho\u00e0n ti\u1ec1n<\/h2>\n<p>Vui l\u00f2ng g\u1eedi email cho ch\u00fang t\u00f4i t\u1ea1i [<a href=\"\/vi\/mail@blissfultasty.com\/\"><span style=\"text-decoration: underline;\"><strong>mail@blissfultasty.com<\/strong><\/span><\/a>] v\u1edbi c\u00e1c chi ti\u1ebft sau:<\/p>\n<ul>\n<li>H\u1ecd v\u00e0 t\u00ean \u0111\u1ea7y \u0111\u1ee7 c\u1ee7a b\u1ea1n<\/li>\n<li>S\u1ed1 \u0111\u01a1n h\u00e0ng<\/li>\n<li>M\u00f4 t\u1ea3 v\u1ea5n \u0111\u1ec1<\/li>\n<li>H\u00ecnh \u1ea3nh (n\u1ebfu c\u00f3)<\/li>\n<\/ul>\n<p>\u00a0<\/p>\n<h2>6. C\u00e1c m\u1eb7t h\u00e0ng kh\u00f4ng \u0111\u01b0\u1ee3c ho\u00e0n l\u1ea1i<\/h2>\n<p>Ch\u00fang t\u00f4i kh\u00f4ng th\u1ec3 ho\u00e0n ti\u1ec1n cho:<\/p>\n<ul>\n<li>C\u00e1c m\u1eb7t h\u00e0ng \u0111\u01b0\u1ee3c b\u00e1o c\u00e1o b\u1ecb h\u01b0 h\u1ecfng sau h\u01a1n 48 gi\u1edd k\u1ec3 t\u1eeb khi giao h\u00e0ng.<\/li>\n<li>Tr\u1ea3 h\u00e0ng do thay \u0111\u1ed5i \u00fd \u0111\u1ecbnh<\/li>\n<li>S\u1ea3n ph\u1ea9m gi\u1ea3m gi\u00e1 ho\u1eb7c g\u00f3i khuy\u1ebfn m\u00e3i<\/li>\n<\/ul>\n<p>\u00a0<\/p>\n<h2>7. Chi ph\u00ed v\u1eadn chuy\u1ec3n<\/h2>\n<p>Ho\u00e0n ti\u1ec1n kh\u00f4ng bao g\u1ed3m ph\u00ed v\u1eadn chuy\u1ec3n ban \u0111\u1ea7u, tr\u1eeb khi v\u1ea5n \u0111\u1ec1 ph\u00e1t sinh do l\u1ed7i c\u1ee7a ch\u00fang t\u00f4i.<br \/><br \/><\/p>\n\t\t\t\t\t\t\t\t<\/div>\n\t\t\t\t<\/div>\n\t\t\t\t\t<\/div>\n\t\t\t\t<\/div>\n\t\t\t\t<\/div>","protected":false},"excerpt":{"rendered":"<p>1. Freshness First, Always Because our products are perishable and made fresh in small batches, we do not accept returns<\/p>","protected":false},"author":1,"featured_media":0,"parent":0,"menu_order":0,"comment_status":"closed","ping_status":"closed","template":"elementor_header_footer","meta":{"_acf_changed":false,"footnotes":""},"class_list":["post-10","page","type-page","status-publish","hentry"],"acf":[],"_links":{"self":[{"href":"https:\/\/xuanmashop.com\/vi\/wp-json\/wp\/v2\/pages\/10","targetHints":{"allow":["GET"]}}],"collection":[{"href":"https:\/\/xuanmashop.com\/vi\/wp-json\/wp\/v2\/pages"}],"about":[{"href":"https:\/\/xuanmashop.com\/vi\/wp-json\/wp\/v2\/types\/page"}],"author":[{"embeddable":true,"href":"https:\/\/xuanmashop.com\/vi\/wp-json\/wp\/v2\/users\/1"}],"replies":[{"embeddable":true,"href":"https:\/\/xuanmashop.com\/vi\/wp-json\/wp\/v2\/comments?post=10"}],"version-history":[{"count":0,"href":"https:\/\/xuanmashop.com\/vi\/wp-json\/wp\/v2\/pages\/10\/revisions"}],"wp:attachment":[{"href":"https:\/\/xuanmashop.com\/vi\/wp-json\/wp\/v2\/media?parent=10"}],"curies":[{"name":"wp","href":"https:\/\/api.w.org\/{rel}","templated":true}]}}