{"id":27092,"date":"2025-02-18T15:30:16","date_gmt":"2025-02-18T15:30:16","guid":{"rendered":"https:\/\/xuanmashop.com\/?page_id=27092"},"modified":"2025-07-17T15:44:09","modified_gmt":"2025-07-17T15:44:09","slug":"shipping-delivery","status":"publish","type":"page","link":"https:\/\/xuanmashop.com\/vi\/shipping-delivery\/","title":{"rendered":"V\u1eadn chuy\u1ec3n &amp; Giao h\u00e0ng"},"content":{"rendered":"<div data-elementor-type=\"wp-page\" data-elementor-id=\"27092\" class=\"elementor elementor-27092\" data-elementor-settings=\"{&quot;element_pack_global_tooltip_width&quot;:{&quot;unit&quot;:&quot;px&quot;,&quot;size&quot;:&quot;&quot;,&quot;sizes&quot;:[]},&quot;element_pack_global_tooltip_width_tablet&quot;:{&quot;unit&quot;:&quot;px&quot;,&quot;size&quot;:&quot;&quot;,&quot;sizes&quot;:[]},&quot;element_pack_global_tooltip_width_mobile&quot;:{&quot;unit&quot;:&quot;px&quot;,&quot;size&quot;:&quot;&quot;,&quot;sizes&quot;:[]},&quot;element_pack_global_tooltip_padding&quot;:{&quot;unit&quot;:&quot;px&quot;,&quot;top&quot;:&quot;&quot;,&quot;right&quot;:&quot;&quot;,&quot;bottom&quot;:&quot;&quot;,&quot;left&quot;:&quot;&quot;,&quot;isLinked&quot;:true},&quot;element_pack_global_tooltip_padding_tablet&quot;:{&quot;unit&quot;:&quot;px&quot;,&quot;top&quot;:&quot;&quot;,&quot;right&quot;:&quot;&quot;,&quot;bottom&quot;:&quot;&quot;,&quot;left&quot;:&quot;&quot;,&quot;isLinked&quot;:true},&quot;element_pack_global_tooltip_padding_mobile&quot;:{&quot;unit&quot;:&quot;px&quot;,&quot;top&quot;:&quot;&quot;,&quot;right&quot;:&quot;&quot;,&quot;bottom&quot;:&quot;&quot;,&quot;left&quot;:&quot;&quot;,&quot;isLinked&quot;:true},&quot;element_pack_global_tooltip_border_radius&quot;:{&quot;unit&quot;:&quot;px&quot;,&quot;top&quot;:&quot;&quot;,&quot;right&quot;:&quot;&quot;,&quot;bottom&quot;:&quot;&quot;,&quot;left&quot;:&quot;&quot;,&quot;isLinked&quot;:true},&quot;element_pack_global_tooltip_border_radius_tablet&quot;:{&quot;unit&quot;:&quot;px&quot;,&quot;top&quot;:&quot;&quot;,&quot;right&quot;:&quot;&quot;,&quot;bottom&quot;:&quot;&quot;,&quot;left&quot;:&quot;&quot;,&quot;isLinked&quot;:true},&quot;element_pack_global_tooltip_border_radius_mobile&quot;:{&quot;unit&quot;:&quot;px&quot;,&quot;top&quot;:&quot;&quot;,&quot;right&quot;:&quot;&quot;,&quot;bottom&quot;:&quot;&quot;,&quot;left&quot;:&quot;&quot;,&quot;isLinked&quot;:true}}\" data-elementor-post-type=\"page\">\n\t\t\t\t<div class=\"wd-negative-gap elementor-element elementor-element-c7d8ee6 e-flex e-con-boxed e-con e-parent\" data-id=\"c7d8ee6\" data-element_type=\"container\">\n\t\t\t\t\t<div class=\"e-con-inner\">\n\t\t\t\t<div class=\"elementor-element elementor-element-569a2970 color-scheme-inherit text-left elementor-widget elementor-widget-text-editor\" data-id=\"569a2970\" data-element_type=\"widget\" data-widget_type=\"text-editor.default\">\n\t\t\t\t<div class=\"elementor-widget-container\">\n\t\t\t\t\t\t\t\t\t<p>T\u1ea1i XuanMa, ch\u00fang t\u00f4i cam k\u1ebft giao h\u00e0ng c\u00e1c lo\u1ea1i b\u00e1nh ng\u1ecdt y\u00eau th\u00edch c\u1ee7a qu\u00fd kh\u00e1ch m\u1ed9t c\u00e1ch an to\u00e0n v\u00e0 \u0111\u00fang h\u1eb9n. D\u01b0\u1edbi \u0111\u00e2y l\u00e0 c\u00e1c khu v\u1ef1c m\u00e0 ch\u00fang t\u00f4i hi\u1ec7n \u0111ang giao h\u00e0ng v\u00e0 c\u00e1c chi ti\u1ebft li\u00ean quan \u0111\u1ebfn vi\u1ec7c giao h\u00e0ng:<\/p><h2 data-start=\"301\" data-end=\"333\"><strong data-start=\"305\" data-end=\"333\">Khu v\u1ef1c v\u1eadn chuy\u1ec3n &amp; Ph\u00ed v\u1eadn chuy\u1ec3n<\/strong><\/h2><p data-start=\"335\" data-end=\"442\"><strong data-start=\"335\" data-end=\"369\">\ud83c\uddf2\ud83c\uddfe Malaysia &amp; \ud83c\uddf8\ud83c\uddec Singapore<\/strong><br data-start=\"369\" data-end=\"372\" \/>\u2022 Th\u1eddi gian giao h\u00e0ng: 7\u201315 ng\u00e0y l\u00e0m vi\u1ec7c<br data-start=\"407\" data-end=\"410\" \/>\u2022 Ph\u00ed v\u1eadn chuy\u1ec3n: MYR 29 \/ SGD 9<\/p><p data-start=\"444\" data-end=\"555\"><strong data-start=\"444\" data-end=\"480\">\ud83c\uddfa\ud83c\uddf8 Hoa K\u1ef3 &amp; \ud83c\udde8\ud83c\udde6 Canada<\/strong><br data-start=\"480\" data-end=\"483\" \/>\u2022 Th\u1eddi gian giao h\u00e0ng: 10\u201330 ng\u00e0y l\u00e0m vi\u1ec7c<br data-start=\"519\" data-end=\"522\" \/>\u2022 Ph\u00ed v\u1eadn chuy\u1ec3n: USD 19 \/ CAD 19<\/p><p data-start=\"557\" data-end=\"676\">L\u01b0u \u00fd: Th\u1eddi gian v\u1eadn chuy\u1ec3n l\u00e0 \u01b0\u1edbc t\u00ednh v\u00e0 c\u00f3 th\u1ec3 thay \u0111\u1ed5i do th\u1ee7 t\u1ee5c h\u1ea3i quan, ng\u00e0y l\u1ec5 \u0111\u1ecba ph\u01b0\u01a1ng ho\u1eb7c tr\u1ec5 h\u1eb9n c\u1ee7a \u0111\u01a1n v\u1ecb v\u1eadn chuy\u1ec3n.<\/p><h2 data-start=\"683\" data-end=\"705\"><strong data-start=\"687\" data-end=\"705\">Ghi ch\u00fa giao h\u00e0ng<\/strong><\/h2><ul data-start=\"707\" data-end=\"940\"><li data-start=\"707\" data-end=\"758\"><p data-start=\"709\" data-end=\"758\">T\u1ea5t c\u1ea3 c\u00e1c m\u1eb7t h\u00e0ng trong \u0111\u01a1n h\u00e0ng c\u1ee7a b\u1ea1n s\u1ebd \u0111\u01b0\u1ee3c giao c\u00f9ng nhau.<\/p><\/li><li data-start=\"759\" data-end=\"802\"><p data-start=\"761\" data-end=\"802\">C\u00e1c \u0111\u1ed1i t\u00e1c v\u1eadn chuy\u1ec3n c\u1ee7a ch\u00fang t\u00f4i kh\u00f4ng th\u1ec3 giao h\u00e0ng \u0111\u1ebfn h\u1ed9p th\u01b0 b\u01b0u \u0111i\u1ec7n. Vui l\u00f2ng cung c\u1ea5p \u0111\u1ecba ch\u1ec9 c\u01b0 tr\u00fa ho\u1eb7c \u0111\u1ecba ch\u1ec9 kinh doanh \u0111\u1ea7y \u0111\u1ee7 \u0111\u1ec3 \u0111\u1ea3m b\u1ea3o vi\u1ec7c giao h\u00e0ng th\u00e0nh c\u00f4ng.<\/p><\/li><li data-start=\"803\" data-end=\"872\"><p data-start=\"805\" data-end=\"872\">Th\u00f4ng tin theo d\u00f5i s\u1ebd \u0111\u01b0\u1ee3c cung c\u1ea5p sau khi \u0111\u01a1n h\u00e0ng \u0111\u01b0\u1ee3c giao.<\/p><\/li><li data-start=\"873\" data-end=\"940\"><p data-start=\"875\" data-end=\"940\">Hi\u1ec7n t\u1ea1i, ch\u00fang t\u00f4i kh\u00f4ng cung c\u1ea5p d\u1ecbch v\u1ee5 giao h\u00e0ng v\u00e0o cu\u1ed1i tu\u1ea7n ho\u1eb7c giao h\u00e0ng nhanh.<\/p><\/li><\/ul><h2 data-start=\"947\" data-end=\"977\"><strong data-start=\"951\" data-end=\"977\">Thu\u1ebf h\u1ea3i quan &amp; Thu\u1ebf nh\u1eadp kh\u1ea9u<\/strong><\/h2><p data-start=\"979\" data-end=\"1094\">Kh\u00e1ch h\u00e0ng ch\u1ecbu tr\u00e1ch nhi\u1ec7m v\u1ec1 c\u00e1c kho\u1ea3n thu\u1ebf h\u1ea3i quan ho\u1eb7c thu\u1ebf nh\u1eadp kh\u1ea9u \u00e1p d\u1ee5ng theo quy \u0111\u1ecbnh c\u1ee7a qu\u1ed1c gia m\u00ecnh.<\/p><h2 data-start=\"1101\" data-end=\"1128\"><strong data-start=\"1105\" data-end=\"1128\">C\u00e1c tr\u01b0\u1eddng h\u1ee3p ngo\u1ea1i l\u1ec7 trong v\u1eadn chuy\u1ec3n<\/strong><\/h2><p data-start=\"1130\" data-end=\"1334\">Hi\u1ec7n t\u1ea1i, ch\u00fang t\u00f4i kh\u00f4ng giao h\u00e0ng \u0111\u1ebfn c\u00e1c v\u00f9ng l\u00e3nh th\u1ed5 xa x\u00f4i, \u0111\u1ea3o ho\u1eb7c khu v\u1ef1c b\u1ecb h\u1ea1n ch\u1ebf. N\u1ebfu b\u1ea1n kh\u00f4ng ch\u1eafc ch\u1eafn v\u1ec1 khu v\u1ef1c giao h\u00e0ng c\u1ee7a m\u00ecnh, vui l\u00f2ng li\u00ean h\u1ec7 v\u1edbi ch\u00fang t\u00f4i t\u1ea1i <strong data-start=\"1278\" data-end=\"1307\">\ud83d\udce7 <a href=\"mailto:mail@blissfultasty.com\">mail@blissfultasty.com<\/a><\/strong> Tr\u01b0\u1edbc khi \u0111\u1eb7t h\u00e0ng.<\/p><h2 data-start=\"1341\" data-end=\"1373\"><strong data-start=\"1345\" data-end=\"1373\">Theo d\u00f5i \u0111\u01a1n h\u00e0ng &amp; H\u1ed7 tr\u1ee3<\/strong><\/h2><p data-start=\"1375\" data-end=\"1575\">Sau khi g\u00f3i h\u00e0ng c\u1ee7a b\u1ea1n \u0111\u00e3 \u0111\u01b0\u1ee3c g\u1eedi \u0111i, ch\u00fang t\u00f4i s\u1ebd g\u1eedi cho b\u1ea1n s\u1ed1 theo d\u00f5i qua email. N\u1ebfu b\u1ea1n kh\u00f4ng nh\u1eadn \u0111\u01b0\u1ee3c s\u1ed1 theo d\u00f5i trong v\u00f2ng 3 ng\u00e0y l\u00e0m vi\u1ec7c, ho\u1eb7c g\u1eb7p v\u1ea5n \u0111\u1ec1 v\u1ec1 giao h\u00e0ng, vui l\u00f2ng li\u00ean h\u1ec7 v\u1edbi ch\u00fang t\u00f4i t\u1ea1i <strong data-start=\"1548\" data-end=\"1574\"><a class=\"cursor-pointer\" href=\"\/vi\/mail@blissfultasty.com\/\" rel=\"noopener\" data-start=\"1550\" data-end=\"1572\">mail@blissfultasty.com<\/a><\/strong>.<\/p>\t\t\t\t\t\t\t\t<\/div>\n\t\t\t\t<\/div>\n\t\t\t\t\t<\/div>\n\t\t\t\t<\/div>\n\t\t\t\t<\/div>","protected":false},"excerpt":{"rendered":"<p>At XuanMa, we aim to deliver your favorite pastries safely and on time. Below are the regions we currently ship<\/p>","protected":false},"author":1,"featured_media":0,"parent":0,"menu_order":0,"comment_status":"closed","ping_status":"closed","template":"elementor_header_footer","meta":{"_acf_changed":false,"footnotes":""},"class_list":["post-27092","page","type-page","status-publish","hentry"],"acf":[],"_links":{"self":[{"href":"https:\/\/xuanmashop.com\/vi\/wp-json\/wp\/v2\/pages\/27092","targetHints":{"allow":["GET"]}}],"collection":[{"href":"https:\/\/xuanmashop.com\/vi\/wp-json\/wp\/v2\/pages"}],"about":[{"href":"https:\/\/xuanmashop.com\/vi\/wp-json\/wp\/v2\/types\/page"}],"author":[{"embeddable":true,"href":"https:\/\/xuanmashop.com\/vi\/wp-json\/wp\/v2\/users\/1"}],"replies":[{"embeddable":true,"href":"https:\/\/xuanmashop.com\/vi\/wp-json\/wp\/v2\/comments?post=27092"}],"version-history":[{"count":6,"href":"https:\/\/xuanmashop.com\/vi\/wp-json\/wp\/v2\/pages\/27092\/revisions"}],"predecessor-version":[{"id":28962,"href":"https:\/\/xuanmashop.com\/vi\/wp-json\/wp\/v2\/pages\/27092\/revisions\/28962"}],"wp:attachment":[{"href":"https:\/\/xuanmashop.com\/vi\/wp-json\/wp\/v2\/media?parent=27092"}],"curies":[{"name":"wp","href":"https:\/\/api.w.org\/{rel}","templated":true}]}}