{"id":27102,"date":"2025-02-18T15:34:01","date_gmt":"2025-02-18T15:34:01","guid":{"rendered":"https:\/\/xuanmashop.com\/?page_id=27102"},"modified":"2025-07-17T14:15:57","modified_gmt":"2025-07-17T14:15:57","slug":"terms-conditions","status":"publish","type":"page","link":"https:\/\/xuanmashop.com\/vi\/terms-conditions\/","title":{"rendered":"\u0110i\u1ec1u kho\u1ea3n v\u00e0 \u0110i\u1ec1u ki\u1ec7n"},"content":{"rendered":"<div data-elementor-type=\"wp-page\" data-elementor-id=\"27102\" class=\"elementor elementor-27102\" data-elementor-settings=\"{&quot;element_pack_global_tooltip_width&quot;:{&quot;unit&quot;:&quot;px&quot;,&quot;size&quot;:&quot;&quot;,&quot;sizes&quot;:[]},&quot;element_pack_global_tooltip_width_tablet&quot;:{&quot;unit&quot;:&quot;px&quot;,&quot;size&quot;:&quot;&quot;,&quot;sizes&quot;:[]},&quot;element_pack_global_tooltip_width_mobile&quot;:{&quot;unit&quot;:&quot;px&quot;,&quot;size&quot;:&quot;&quot;,&quot;sizes&quot;:[]},&quot;element_pack_global_tooltip_padding&quot;:{&quot;unit&quot;:&quot;px&quot;,&quot;top&quot;:&quot;&quot;,&quot;right&quot;:&quot;&quot;,&quot;bottom&quot;:&quot;&quot;,&quot;left&quot;:&quot;&quot;,&quot;isLinked&quot;:true},&quot;element_pack_global_tooltip_padding_tablet&quot;:{&quot;unit&quot;:&quot;px&quot;,&quot;top&quot;:&quot;&quot;,&quot;right&quot;:&quot;&quot;,&quot;bottom&quot;:&quot;&quot;,&quot;left&quot;:&quot;&quot;,&quot;isLinked&quot;:true},&quot;element_pack_global_tooltip_padding_mobile&quot;:{&quot;unit&quot;:&quot;px&quot;,&quot;top&quot;:&quot;&quot;,&quot;right&quot;:&quot;&quot;,&quot;bottom&quot;:&quot;&quot;,&quot;left&quot;:&quot;&quot;,&quot;isLinked&quot;:true},&quot;element_pack_global_tooltip_border_radius&quot;:{&quot;unit&quot;:&quot;px&quot;,&quot;top&quot;:&quot;&quot;,&quot;right&quot;:&quot;&quot;,&quot;bottom&quot;:&quot;&quot;,&quot;left&quot;:&quot;&quot;,&quot;isLinked&quot;:true},&quot;element_pack_global_tooltip_border_radius_tablet&quot;:{&quot;unit&quot;:&quot;px&quot;,&quot;top&quot;:&quot;&quot;,&quot;right&quot;:&quot;&quot;,&quot;bottom&quot;:&quot;&quot;,&quot;left&quot;:&quot;&quot;,&quot;isLinked&quot;:true},&quot;element_pack_global_tooltip_border_radius_mobile&quot;:{&quot;unit&quot;:&quot;px&quot;,&quot;top&quot;:&quot;&quot;,&quot;right&quot;:&quot;&quot;,&quot;bottom&quot;:&quot;&quot;,&quot;left&quot;:&quot;&quot;,&quot;isLinked&quot;:true}}\" data-elementor-post-type=\"page\">\n\t\t\t\t<div class=\"wd-negative-gap elementor-element elementor-element-6e9997a9 e-flex e-con-boxed e-con e-parent\" data-id=\"6e9997a9\" data-element_type=\"container\">\n\t\t\t\t\t<div class=\"e-con-inner\">\n\t\t\t\t<div class=\"elementor-element elementor-element-59fd216f color-scheme-inherit text-left elementor-widget elementor-widget-text-editor\" data-id=\"59fd216f\" data-element_type=\"widget\" data-widget_type=\"text-editor.default\">\n\t\t\t\t<div class=\"elementor-widget-container\">\n\t\t\t\t\t\t\t\t\t<p>Trang web n\u00e0y \u0111\u01b0\u1ee3c v\u1eadn h\u00e0nh b\u1edfi XuanMa Food Ltd. Trong to\u00e0n b\u1ed9 trang web, c\u00e1c thu\u1eadt ng\u1eef \u201cch\u00fang t\u00f4i\u201d, \u201cc\u1ee7a ch\u00fang t\u00f4i\u201d v\u00e0 \u201cc\u1ee7a ch\u00fang t\u00f4i\u201d \u0111\u1ec1 c\u1eadp \u0111\u1ebfn XuanMa. B\u1eb1ng vi\u1ec7c truy c\u1eadp ho\u1eb7c mua h\u00e0ng t\u1eeb ch\u00fang t\u00f4i, b\u1ea1n \u0111\u1ed3ng \u00fd tu\u00e2n th\u1ee7 c\u00e1c \u0110i\u1ec1u kho\u1ea3n D\u1ecbch v\u1ee5 (\u201c\u0110i\u1ec1u kho\u1ea3n\u201d) sau \u0111\u00e2y, bao g\u1ed3m c\u00e1c \u0111i\u1ec1u kho\u1ea3n v\u00e0 ch\u00ednh s\u00e1ch b\u1ed5 sung \u0111\u01b0\u1ee3c \u0111\u1ec1 c\u1eadp trong t\u00e0i li\u1ec7u n\u00e0y.<\/p><h2>M\u1ee4C 1 \u2013 \u0110I\u1ec0U KHO\u1ea2N C\u1eecA H\u00c0NG TR\u1ef0C TUY\u1ebeN<\/h2><p>B\u1eb1ng c\u00e1ch \u0111\u1ed3ng \u00fd, b\u1ea1n x\u00e1c nh\u1eadn r\u1eb1ng b\u1ea1n \u0111\u00e3 \u0111\u1ee7 tu\u1ed5i h\u1ee3p ph\u00e1p ho\u1eb7c c\u00f3 s\u1ef1 cho ph\u00e9p c\u1ee7a ng\u01b0\u1eddi gi\u00e1m h\u1ed9. B\u1ea1n kh\u00f4ng \u0111\u01b0\u1ee3c s\u1eed d\u1ee5ng trang web cho m\u1ee5c \u0111\u00edch b\u1ea5t h\u1ee3p ph\u00e1p, truy\u1ec1n t\u1ea3i virus ho\u1eb7c tham gia v\u00e0o c\u00e1c ho\u1ea1t \u0111\u1ed9ng g\u00e2y h\u1ea1i. B\u1ea5t k\u1ef3 vi ph\u1ea1m n\u00e0o s\u1ebd d\u1eabn \u0111\u1ebfn vi\u1ec7c ch\u1ea5m d\u1ee9t ngay l\u1eadp t\u1ee9c.<\/p><h2>M\u1ee4C 2 \u2013 \u0110I\u1ec0U KI\u1ec6N CHUNG<\/h2><p>Ch\u00fang t\u00f4i c\u00f3 quy\u1ec1n t\u1eeb ch\u1ed1i cung c\u1ea5p d\u1ecbch v\u1ee5 v\u00e0o b\u1ea5t k\u1ef3 th\u1eddi \u0111i\u1ec3m n\u00e0o. D\u1eef li\u1ec7u thanh to\u00e1n c\u00f3 th\u1ec3 \u0111\u01b0\u1ee3c truy\u1ec1n t\u1ea3i d\u01b0\u1edbi d\u1ea1ng kh\u00f4ng m\u00e3 h\u00f3a. D\u1eef li\u1ec7u thanh to\u00e1n \u0111\u01b0\u1ee3c m\u00e3 h\u00f3a. B\u1ea1n kh\u00f4ng \u0111\u01b0\u1ee3c sao ch\u00e9p ho\u1eb7c khai th\u00e1c b\u1ea5t k\u1ef3 ph\u1ea7n n\u00e0o c\u1ee7a D\u1ecbch v\u1ee5 m\u00e0 kh\u00f4ng c\u00f3 s\u1ef1 cho ph\u00e9p.<\/p><h2>M\u1ee4C 3 \u2013 \u0110\u1ed8 CH\u00cdNH X\u00c1C C\u1ee6A TH\u00d4NG TIN<\/h2><p>Ch\u00fang t\u00f4i kh\u00f4ng \u0111\u1ea3m b\u1ea3o t\u00ednh ch\u00ednh x\u00e1c ho\u1eb7c k\u1ecbp th\u1eddi c\u1ee7a th\u00f4ng tin tr\u00ean trang web n\u00e0y. N\u1ed9i dung ch\u1ec9 mang t\u00ednh tham kh\u1ea3o chung.<\/p><h2>M\u1ee4C 4 \u2013 THAY \u0110\u1ed4I D\u1ecaCH V\u1ee4 V\u00c0 GI\u00c1 C\u1ea2<\/h2><p>Gi\u00e1 c\u00f3 th\u1ec3 thay \u0111\u1ed5i m\u00e0 kh\u00f4ng c\u1ea7n th\u00f4ng b\u00e1o tr\u01b0\u1edbc. Ch\u00fang t\u00f4i c\u00f3 th\u1ec3 \u0111i\u1ec1u ch\u1ec9nh ho\u1eb7c ng\u1eebng cung c\u1ea5p b\u1ea5t k\u1ef3 ph\u1ea7n n\u00e0o c\u1ee7a D\u1ecbch v\u1ee5 v\u00e0o b\u1ea5t k\u1ef3 th\u1eddi \u0111i\u1ec3m n\u00e0o.<\/p><h2>\u0110I\u1ec0U 5 \u2013 S\u1ea2N PH\u1ea8M HO\u1eb6C D\u1ecaCH V\u1ee4<\/h2><p>S\u1ea3n ph\u1ea9m c\u00f3 th\u1ec3 ch\u1ec9 \u0111\u01b0\u1ee3c b\u00e1n \u0111\u1ed9c quy\u1ec1n tr\u00ean website v\u00e0 tu\u00e2n theo ch\u00ednh s\u00e1ch \u0111\u1ed5i tr\u1ea3 c\u1ee7a ch\u00fang t\u00f4i. H\u00ecnh \u1ea3nh \u0111\u01b0\u1ee3c hi\u1ec3n th\u1ecb ch\u00ednh x\u00e1c nh\u1ea5t c\u00f3 th\u1ec3, nh\u01b0ng c\u00f3 th\u1ec3 c\u00f3 s\u1ef1 kh\u00e1c bi\u1ec7t khi hi\u1ec3n th\u1ecb. Ch\u00fang t\u00f4i c\u00f3 th\u1ec3 gi\u1edbi h\u1ea1n ho\u1eb7c ng\u1eebng cung c\u1ea5p s\u1ea3n ph\u1ea9m theo quy\u1ebft \u0111\u1ecbnh c\u1ee7a m\u00ecnh.<\/p><h2>M\u1ee4C 6 \u2013 TH\u00d4NG TIN H\u00d3A \u0110\u01a0N V\u00c0 T\u00c0I KHO\u1ea2N<\/h2><p data-start=\"177\" data-end=\"402\">Ch\u00fang t\u00f4i c\u00f3 quy\u1ec1n t\u1eeb ch\u1ed1i ho\u1eb7c \u0111i\u1ec1u ch\u1ec9nh b\u1ea5t k\u1ef3 \u0111\u01a1n h\u00e0ng n\u00e0o n\u1ebfu ph\u00e1t hi\u1ec7n ho\u1ea1t \u0111\u1ed9ng b\u1ea5t th\u01b0\u1eddng, gi\u00e1 c\u1ea3 kh\u00f4ng ch\u00ednh x\u00e1c ho\u1eb7c th\u00f4ng tin thanh to\u00e1n kh\u00f4ng \u0111\u1ea7y \u0111\u1ee7. Trong tr\u01b0\u1eddng h\u1ee3p n\u00e0y, ch\u00fang t\u00f4i c\u00f3 th\u1ec3 li\u00ean h\u1ec7 v\u1edbi b\u1ea1n qua email ho\u1eb7c s\u1ed1 \u0111i\u1ec7n tho\u1ea1i \u0111\u00e3 cung c\u1ea5p t\u1ea1i b\u01b0\u1edbc thanh to\u00e1n.<\/p><p data-start=\"404\" data-end=\"646\">B\u1ea1n \u0111\u1ed3ng \u00fd cung c\u1ea5p th\u00f4ng tin mua h\u00e0ng v\u00e0 t\u00e0i kho\u1ea3n ch\u00ednh x\u00e1c, \u0111\u1ea7y \u0111\u1ee7 v\u00e0 c\u1eadp nh\u1eadt cho t\u1ea5t c\u1ea3 c\u00e1c giao d\u1ecbch th\u1ef1c hi\u1ec7n tr\u00ean trang web c\u1ee7a ch\u00fang t\u00f4i. B\u1ea1n c\u00f3 tr\u00e1ch nhi\u1ec7m c\u1eadp nh\u1eadt th\u00f4ng tin li\u00ean h\u1ec7 v\u00e0 thanh to\u00e1n c\u1ee7a m\u00ecnh \u0111\u1ec3 \u0111\u1ea3m b\u1ea3o qu\u00e1 tr\u00ecnh x\u1eed l\u00fd \u0111\u01a1n h\u00e0ng v\u00e0 giao h\u00e0ng di\u1ec5n ra su\u00f4n s\u1ebb.<\/p><h2>\u0110I\u1ec0U 7 \u2013 LI\u00caN K\u1ebeT C\u1ee6A B\u00caN TH\u1ee8 BA<\/h2><p>Ch\u00fang t\u00f4i kh\u00f4ng ch\u1ecbu tr\u00e1ch nhi\u1ec7m \u0111\u1ed1i v\u1edbi c\u00e1c trang web c\u1ee7a b\u00ean th\u1ee9 ba ho\u1eb7c n\u1ed9i dung c\u1ee7a h\u1ecd. Vui l\u00f2ng xem x\u00e9t c\u00e1c \u0111i\u1ec1u kho\u1ea3n c\u1ee7a h\u1ecd tr\u01b0\u1edbc khi s\u1eed d\u1ee5ng.<\/p><h2>M\u1ee4C 8 - PH\u1ea2N H\u1ed2I C\u1ee6A NG\u01af\u1edcI D\u00d9NG<\/h2><p data-start=\"2901\" data-end=\"3022\">Ch\u00fang t\u00f4i c\u00f3 th\u1ec3 s\u1eed d\u1ee5ng b\u1ea5t k\u1ef3 \u0111\u1ec1 xu\u1ea5t ho\u1eb7c n\u1ed9i dung n\u00e0o b\u1ea1n g\u1eedi m\u00e0 kh\u00f4ng c\u00f3 b\u1ea5t k\u1ef3 h\u1ea1n ch\u1ebf n\u00e0o. B\u1ea1n kh\u00f4ng \u0111\u01b0\u1ee3c g\u1eedi n\u1ed9i dung vi ph\u1ea1m ph\u00e1p lu\u1eadt ho\u1eb7c x\u00e2m ph\u1ea1m quy\u1ec1n s\u1edf h\u1eefu tr\u00ed tu\u1ec7.<\/p><h2 data-start=\"2901\" data-end=\"3022\">\u0110I\u1ec0U 9 \u2013 TH\u00d4NG TIN C\u00c1 NH\u00c2N<\/h2><p>D\u1eef li\u1ec7u c\u00e1 nh\u00e2n c\u1ee7a b\u1ea1n \u0111\u01b0\u1ee3c qu\u1ea3n l\u00fd b\u1edfi ch\u00ednh s\u00e1ch c\u1ee7a ch\u00fang t\u00f4i. <a class=\"cursor-pointer\" href=\"https:\/\/xuanmashop.com\/vi\/privacy-policy\/\" data-start=\"3192\" data-end=\"3253\">Ch\u00ednh s\u00e1ch b\u1ea3o m\u1eadt<\/a>.<\/p><h2>\u0110I\u1ec0U 10 - L\u1ed6I V\u00c0 SAI S\u00d3T<\/h2><p>Ch\u00fang t\u00f4i c\u00f3 th\u1ec3 \u0111i\u1ec1u ch\u1ec9nh c\u00e1c th\u00f4ng tin kh\u00f4ng ch\u00ednh x\u00e1c ho\u1eb7c h\u1ee7y \u0111\u01a1n h\u00e0ng b\u1ea5t c\u1ee9 l\u00fac n\u00e0o do sai s\u00f3t trong m\u00f4 t\u1ea3 s\u1ea3n ph\u1ea9m, gi\u00e1 c\u1ea3 ho\u1eb7c t\u00ecnh tr\u1ea1ng s\u1eb5n c\u00f3.<\/p><h2>\u0110I\u1ec0U 11 \u2013 C\u00c1C H\u00c0NH VI B\u1eca C\u1ea4M<\/h2><p>C\u00e1c h\u00e0nh vi b\u1ecb c\u1ea5m bao g\u1ed3m c\u00e1c h\u00e0nh vi vi ph\u1ea1m ph\u00e1p lu\u1eadt, vi ph\u1ea1m quy\u1ec1n s\u1edf h\u1eefu tr\u00ed tu\u1ec7, thu th\u1eadp d\u1eef li\u1ec7u tr\u00e1i ph\u00e9p, g\u1eedi spam ho\u1eb7c c\u00e0i \u0111\u1eb7t ph\u1ea7n m\u1ec1m \u0111\u1ed9c h\u1ea1i.<\/p><h2>\u0110I\u1ec0U 12 \u2013 B\u1ed2I TH\u01af\u1edcNG<\/h2><p>B\u1ea1n \u0111\u1ed3ng \u00fd b\u1ed3i th\u01b0\u1eddng cho XuanMa \u0111\u1ed1i v\u1edbi b\u1ea5t k\u1ef3 thi\u1ec7t h\u1ea1i n\u00e0o ph\u00e1t sinh t\u1eeb vi\u1ec7c vi ph\u1ea1m c\u00e1c \u0111i\u1ec1u kho\u1ea3n n\u00e0y c\u1ee7a b\u1ea1n.<\/p><h2>\u0110I\u1ec0U 13 \u2013 T\u00cdNH \u0110\u1ed8C L\u1eacP<\/h2><p>N\u1ebfu b\u1ea5t k\u1ef3 \u0111i\u1ec1u kho\u1ea3n n\u00e0o trong c\u00e1c \u0110i\u1ec1u kho\u1ea3n n\u00e0y \u0111\u01b0\u1ee3c coi l\u00e0 kh\u00f4ng th\u1ec3 thi h\u00e0nh, ph\u1ea7n c\u00f2n l\u1ea1i v\u1eabn c\u00f3 hi\u1ec7u l\u1ef1c.<\/p><h2>\u0110I\u1ec0U 14 \u2013 CH\u1ea4M D\u1ee8T<\/h2><p>Ch\u00fang t\u00f4i c\u00f3 th\u1ec3 ch\u1ea5m d\u1ee9t th\u1ecfa thu\u1eadn n\u00e0y b\u1ea5t c\u1ee9 l\u00fac n\u00e0o n\u1ebfu b\u1ea1n vi ph\u1ea1m b\u1ea5t k\u1ef3 \u0111i\u1ec1u kho\u1ea3n n\u00e0o.<\/p><h2>\u0110I\u1ec0U 15 \u2013 TH\u1eceA THU\u1eacN TO\u00c0N DI\u1ec6N<\/h2><p>C\u00e1c \u0110i\u1ec1u kho\u1ea3n n\u00e0y, c\u00f9ng v\u1edbi c\u00e1c ch\u00ednh s\u00e1ch kh\u00e1c \u0111\u01b0\u1ee3c \u0111\u0103ng t\u1ea3i, t\u1ea1o th\u00e0nh th\u1ecfa thu\u1eadn ho\u00e0n ch\u1ec9nh gi\u1eefa b\u1ea1n v\u00e0 XuanMa.<\/p><h2>\u0110I\u1ec0U 16 \u2013 PH\u00c1P LU\u1eacT \u00c1P D\u1ee4NG<\/h2><p data-start=\"4799\" data-end=\"4950\">C\u00e1c \u0110i\u1ec1u kho\u1ea3n n\u00e0y s\u1ebd \u0111\u01b0\u1ee3c \u0111i\u1ec1u ch\u1ec9nh theo ph\u00e1p lu\u1eadt c\u1ee7a C\u1ed9ng h\u00f2a Nh\u00e2n d\u00e2n Trung Hoa. C\u00e1c tranh ch\u1ea5p s\u1ebd \u0111\u01b0\u1ee3c \u0111\u01b0a ra gi\u1ea3i quy\u1ebft t\u1ea1i t\u00f2a \u00e1n \u0111\u1ecba ph\u01b0\u01a1ng n\u01a1i XuanMa \u0111\u01b0\u1ee3c \u0111\u0103ng k\u00fd.<\/p><h2 data-start=\"4799\" data-end=\"4950\">\u0110I\u1ec0U 17 \u2013 THAY \u0110\u1ed4I \u0110I\u1ec0U KHO\u1ea2N<\/h2><p>Ch\u00fang t\u00f4i c\u00f3 th\u1ec3 c\u1eadp nh\u1eadt c\u00e1c \u0110i\u1ec1u kho\u1ea3n n\u00e0y b\u1ea5t c\u1ee9 l\u00fac n\u00e0o. Vi\u1ec7c ti\u1ebfp t\u1ee5c s\u1eed d\u1ee5ng trang web sau khi c\u00f3 thay \u0111\u1ed5i c\u00f3 ngh\u0129a l\u00e0 b\u1ea1n \u0111\u1ed3ng \u00fd v\u1edbi c\u00e1c thay \u0111\u1ed5i \u0111\u00f3.<\/p><h2>\u0110I\u1ec0U 18 \u2013 LI\u00caN H\u1ec6<\/h2><p>\u0110\u1ec3 \u0111\u01b0\u1ee3c gi\u1ea3i \u0111\u00e1p b\u1ea5t k\u1ef3 th\u1eafc m\u1eafc n\u00e0o v\u1ec1 c\u00e1c \u0110i\u1ec1u kho\u1ea3n n\u00e0y, vui l\u00f2ng li\u00ean h\u1ec7 v\u1edbi ch\u00fang t\u00f4i qua email: \ud83d\udce7 <strong data-start=\"5319\" data-end=\"5345\"><a class=\"cursor-pointer\" href=\"\/vi\/mail@blissfultasty.com\/\" rel=\"noopener\" data-start=\"5321\" data-end=\"5343\">mail@blissfultasty.com<\/a><\/strong><\/p>\t\t\t\t\t\t\t\t<\/div>\n\t\t\t\t<\/div>\n\t\t\t\t\t<\/div>\n\t\t\t\t<\/div>\n\t\t\t\t<\/div>","protected":false},"excerpt":{"rendered":"<p>Trang web n\u00e0y \u0111\u01b0\u1ee3c v\u1eadn h\u00e0nh b\u1edfi C\u00f4ng ty TNHH XuanMa Food. Trong to\u00e0n b\u1ed9 trang web, c\u00e1c thu\u1eadt ng\u1eef \u201cch\u00fang t\u00f4i\u201d, \u201cc\u1ee7a ch\u00fang t\u00f4i\u201d v\u00e0 \u201cc\u1ee7a ch\u00fang t\u00f4i\u201d \u0111\u1ec1 c\u1eadp \u0111\u1ebfn XuanMa.<\/p>","protected":false},"author":1,"featured_media":0,"parent":0,"menu_order":0,"comment_status":"closed","ping_status":"closed","template":"elementor_header_footer","meta":{"_acf_changed":false,"footnotes":""},"class_list":["post-27102","page","type-page","status-publish","hentry"],"acf":[],"_links":{"self":[{"href":"https:\/\/xuanmashop.com\/vi\/wp-json\/wp\/v2\/pages\/27102","targetHints":{"allow":["GET"]}}],"collection":[{"href":"https:\/\/xuanmashop.com\/vi\/wp-json\/wp\/v2\/pages"}],"about":[{"href":"https:\/\/xuanmashop.com\/vi\/wp-json\/wp\/v2\/types\/page"}],"author":[{"embeddable":true,"href":"https:\/\/xuanmashop.com\/vi\/wp-json\/wp\/v2\/users\/1"}],"replies":[{"embeddable":true,"href":"https:\/\/xuanmashop.com\/vi\/wp-json\/wp\/v2\/comments?post=27102"}],"version-history":[{"count":4,"href":"https:\/\/xuanmashop.com\/vi\/wp-json\/wp\/v2\/pages\/27102\/revisions"}],"predecessor-version":[{"id":28955,"href":"https:\/\/xuanmashop.com\/vi\/wp-json\/wp\/v2\/pages\/27102\/revisions\/28955"}],"wp:attachment":[{"href":"https:\/\/xuanmashop.com\/vi\/wp-json\/wp\/v2\/media?parent=27102"}],"curies":[{"name":"wp","href":"https:\/\/api.w.org\/{rel}","templated":true}]}}