{"id":27263,"date":"2025-05-27T07:13:10","date_gmt":"2025-05-27T07:13:10","guid":{"rendered":"https:\/\/xuanmashop.com\/?page_id=27263"},"modified":"2025-07-24T01:57:36","modified_gmt":"2025-07-24T01:57:36","slug":"about-us","status":"publish","type":"page","link":"https:\/\/xuanmashop.com\/vi\/about-us\/","title":{"rendered":"C\u00e2u chuy\u1ec7n c\u1ee7a ch\u00fang t\u00f4i"},"content":{"rendered":"<div data-elementor-type=\"wp-page\" data-elementor-id=\"27263\" class=\"elementor elementor-27263\" data-elementor-settings=\"{&quot;element_pack_global_tooltip_width&quot;:{&quot;unit&quot;:&quot;px&quot;,&quot;size&quot;:&quot;&quot;,&quot;sizes&quot;:[]},&quot;element_pack_global_tooltip_width_tablet&quot;:{&quot;unit&quot;:&quot;px&quot;,&quot;size&quot;:&quot;&quot;,&quot;sizes&quot;:[]},&quot;element_pack_global_tooltip_width_mobile&quot;:{&quot;unit&quot;:&quot;px&quot;,&quot;size&quot;:&quot;&quot;,&quot;sizes&quot;:[]},&quot;element_pack_global_tooltip_padding&quot;:{&quot;unit&quot;:&quot;px&quot;,&quot;top&quot;:&quot;&quot;,&quot;right&quot;:&quot;&quot;,&quot;bottom&quot;:&quot;&quot;,&quot;left&quot;:&quot;&quot;,&quot;isLinked&quot;:true},&quot;element_pack_global_tooltip_padding_tablet&quot;:{&quot;unit&quot;:&quot;px&quot;,&quot;top&quot;:&quot;&quot;,&quot;right&quot;:&quot;&quot;,&quot;bottom&quot;:&quot;&quot;,&quot;left&quot;:&quot;&quot;,&quot;isLinked&quot;:true},&quot;element_pack_global_tooltip_padding_mobile&quot;:{&quot;unit&quot;:&quot;px&quot;,&quot;top&quot;:&quot;&quot;,&quot;right&quot;:&quot;&quot;,&quot;bottom&quot;:&quot;&quot;,&quot;left&quot;:&quot;&quot;,&quot;isLinked&quot;:true},&quot;element_pack_global_tooltip_border_radius&quot;:{&quot;unit&quot;:&quot;px&quot;,&quot;top&quot;:&quot;&quot;,&quot;right&quot;:&quot;&quot;,&quot;bottom&quot;:&quot;&quot;,&quot;left&quot;:&quot;&quot;,&quot;isLinked&quot;:true},&quot;element_pack_global_tooltip_border_radius_tablet&quot;:{&quot;unit&quot;:&quot;px&quot;,&quot;top&quot;:&quot;&quot;,&quot;right&quot;:&quot;&quot;,&quot;bottom&quot;:&quot;&quot;,&quot;left&quot;:&quot;&quot;,&quot;isLinked&quot;:true},&quot;element_pack_global_tooltip_border_radius_mobile&quot;:{&quot;unit&quot;:&quot;px&quot;,&quot;top&quot;:&quot;&quot;,&quot;right&quot;:&quot;&quot;,&quot;bottom&quot;:&quot;&quot;,&quot;left&quot;:&quot;&quot;,&quot;isLinked&quot;:true}}\" data-elementor-post-type=\"page\">\n\t\t\t\t<div class=\"wd-negative-gap elementor-element elementor-element-5d49293d wd-section-stretch e-flex e-con-boxed e-con e-parent\" data-id=\"5d49293d\" data-element_type=\"container\" data-settings=\"{&quot;background_background&quot;:&quot;classic&quot;}\">\n\t\t\t\t\t<div class=\"e-con-inner\">\n\t\t<div class=\"elementor-element elementor-element-4d5cd769 e-con-full e-flex e-con e-child\" data-id=\"4d5cd769\" data-element_type=\"container\">\n\t\t<div class=\"elementor-element elementor-element-411d343b e-con-full e-flex e-con e-child\" data-id=\"411d343b\" data-element_type=\"container\">\n\t\t\t\t<div class=\"elementor-element elementor-element-507ec182 elementor-widget elementor-widget-heading\" data-id=\"507ec182\" data-element_type=\"widget\" data-widget_type=\"heading.default\">\n\t\t\t\t<div class=\"elementor-widget-container\">\n\t\t\t\t\t<h2 class=\"elementor-heading-title elementor-size-default\">C\u00e2u chuy\u1ec7n c\u1ee7a ch\u00fang t\u00f4i<\/h2>\t\t\t\t<\/div>\n\t\t\t\t<\/div>\n\t\t\t\t<div class=\"elementor-element elementor-element-1311e7d9 elementor-widget elementor-widget-wd_text_block\" data-id=\"1311e7d9\" data-element_type=\"widget\" data-widget_type=\"wd_text_block.default\">\n\t\t\t\t<div class=\"elementor-widget-container\">\n\t\t\t\t\t\t\t<div class=\"wd-text-block reset-last-child text-left color-scheme-light\">\n\t\t\t\n\t\t\t<p>M\u1ed9t h\u01b0\u01a1ng v\u1ecb c\u1ee7a qu\u00ea h\u01b0\u01a1ng, M\u1ed9t m\u00f3n qu\u00e0 c\u1ee7a t\u00ecnh y\u00eau<\/p>\n\t\t\t\t\t<\/div>\n\t\t\t\t\t\t<\/div>\n\t\t\t\t<\/div>\n\t\t\t\t<\/div>\n\t\t\t\t<\/div>\n\t\t\t\t\t<\/div>\n\t\t\t\t<\/div>\n\t\t<div class=\"wd-negative-gap elementor-element elementor-element-64f8752 e-flex e-con-boxed e-con e-parent\" data-id=\"64f8752\" data-element_type=\"container\">\n\t\t\t\t\t<div class=\"e-con-inner\">\n\t\t<div class=\"elementor-element elementor-element-c6716d0 e-con-full e-flex e-con e-child\" data-id=\"c6716d0\" data-element_type=\"container\">\n\t\t\t\t<div class=\"elementor-element elementor-element-ad29729 elementor-widget elementor-widget-image\" data-id=\"ad29729\" data-element_type=\"widget\" data-widget_type=\"image.default\">\n\t\t\t\t<div class=\"elementor-widget-container\">\n\t\t\t\t\t\t\t\t\t\t\t\t\t\t\t<img fetchpriority=\"high\" decoding=\"async\" width=\"2560\" height=\"1920\" src=\"https:\/\/xuanmashop.com\/wp-content\/uploads\/2025\/06\/xuanma-pastry-scaled.webp\" class=\"attachment-full size-full wp-image-27928\" alt=\"xuanma pastry meaningful gift\" srcset=\"https:\/\/xuanmashop.com\/wp-content\/uploads\/2025\/06\/xuanma-pastry-scaled.webp 2560w, https:\/\/xuanmashop.com\/wp-content\/uploads\/2025\/06\/xuanma-pastry-scaled-150x113.webp 150w, https:\/\/xuanmashop.com\/wp-content\/uploads\/2025\/06\/xuanma-pastry-scaled-700x525.webp 700w, https:\/\/xuanmashop.com\/wp-content\/uploads\/2025\/06\/xuanma-pastry-768x576.webp 768w, https:\/\/xuanmashop.com\/wp-content\/uploads\/2025\/06\/xuanma-pastry-1536x1152.webp 1536w, https:\/\/xuanmashop.com\/wp-content\/uploads\/2025\/06\/xuanma-pastry-2048x1536.webp 2048w\" sizes=\"(max-width: 2560px) 100vw, 2560px\" title=\"\">\t\t\t\t\t\t\t\t\t\t\t\t\t\t\t<\/div>\n\t\t\t\t<\/div>\n\t\t\t\t<\/div>\n\t\t<div class=\"elementor-element elementor-element-35621b2 e-con-full e-flex e-con e-child\" data-id=\"35621b2\" data-element_type=\"container\">\n\t\t\t\t<div class=\"elementor-element elementor-element-17ba81f elementor-widget elementor-widget-heading\" data-id=\"17ba81f\" data-element_type=\"widget\" data-widget_type=\"heading.default\">\n\t\t\t\t<div class=\"elementor-widget-container\">\n\t\t\t\t\t<h2 class=\"elementor-heading-title elementor-size-default\">\u2728 T\u1eeb T\u00ecnh Y\u00eau C\u1ee7a M\u1eb9 \u0110\u1ebfn B\u00e0n \u0102n C\u1ee7a Th\u1ebf Gi\u1edbi<\/h2>\t\t\t\t<\/div>\n\t\t\t\t<\/div>\n\t\t\t\t<div class=\"elementor-element elementor-element-36e6c86 color-scheme-inherit text-left elementor-widget elementor-widget-text-editor\" data-id=\"36e6c86\" data-element_type=\"widget\" data-widget_type=\"text-editor.default\">\n\t\t\t\t<div class=\"elementor-widget-container\">\n\t\t\t\t\t\t\t\t\t<article class=\"4ever-article\" data-clipboard-cangjie=\"[&quot;root&quot;,{},[&quot;p&quot;,{&quot;uuid&quot;:&quot;m8qv8oju8928hzjbn2g&quot;},[&quot;span&quot;,{&quot;data-type&quot;:&quot;text&quot;},[&quot;span&quot;,{&quot;data-type&quot;:&quot;leaf&quot;},&quot;At Xuanma, every pastry carries a story of love, tradition, and care. Inspired by the warmth of homemade baking, we started with a simple yet powerful idea: to share the joy of authentic Chinese pastries with the world. Over &quot;],[&quot;span&quot;,{&quot;bold&quot;:true,&quot;data-type&quot;:&quot;leaf&quot;},&quot;600 million pastries&quot;],[&quot;span&quot;,{&quot;data-type&quot;:&quot;leaf&quot;},&quot; have been enjoyed globally, and in this new chapter, we are redefining what it means to experience Chinese baked goods\u2014&quot;],[&quot;span&quot;,{&quot;bold&quot;:true,&quot;data-type&quot;:&quot;leaf&quot;},&quot;freshly made, thoughtfully designed, and crafted for the modern taste.&quot;]]]]\" data-identifier-application__slash__x-cangjie-fragment=\"JTdCJTIya2xhc3MlMjIlM0ElMjJkb2N1bWVudCUyMiUyQyUyMmRhdGElMjIlM0ElN0IlN0QlMkMlMjJub2RlcyUyMiUzQSU1QiU3QiUyMmtsYXNzJTIyJTNBJTIyYmxvY2slMjIlMkMlMjJ0eXBlJTIyJTNBJTIycGFyYWdyYXBoJTIyJTJDJTIyZGF0YSUyMiUzQSU3QiUyMnV1aWQlMjIlM0ElMjJtOHF2OG9qdTg5MjhoempibjJnJTIyJTdEJTJDJTIybm9kZXMlMjIlM0ElNUIlN0IlMjJrbGFzcyUyMiUzQSUyMnRleHQlMjIlMkMlMjJsZWF2ZXMlMjIlM0ElNUIlN0IlMjJrbGFzcyUyMiUzQSUyMmxlYWYlMjIlMkMlMjJ0ZXh0JTIyJTNBJTIyQXQlMjBYdWFubWElMkMlMjBldmVyeSUyMHBhc3RyeSUyMGNhcnJpZXMlMjBhJTIwc3RvcnklMjBvZiUyMGxvdmUlMkMlMjB0cmFkaXRpb24lMkMlMjBhbmQlMjBjYXJlLiUyMEluc3BpcmVkJTIwYnklMjB0aGUlMjB3YXJtdGglMjBvZiUyMGhvbWVtYWRlJTIwYmFraW5nJTJDJTIwd2UlMjBzdGFydGVkJTIwd2l0aCUyMGElMjBzaW1wbGUlMjB5ZXQlMjBwb3dlcmZ1bCUyMGlkZWElM0ElMjB0byUyMHNoYXJlJTIwdGhlJTIwam95JTIwb2YlMjBhdXRoZW50aWMlMjBDaGluZXNlJTIwcGFzdHJpZXMlMjB3aXRoJTIwdGhlJTIwd29ybGQuJTIwT3ZlciUyMCUyMiUyQyUyMm1hcmtzJTIyJTNBJTVCJTVEJTdEJTJDJTdCJTIya2xhc3MlMjIlM0ElMjJsZWFmJTIyJTJDJTIydGV4dCUyMiUzQSUyMjYwMCUyMG1pbGxpb24lMjBwYXN0cmllcyUyMiUyQyUyMm1hcmtzJTIyJTNBJTVCJTdCJTIya2xhc3MlMjIlM0ElMjJtYXJrJTIyJTJDJTIydHlwZSUyMiUzQSUyMmJvbGQlMjIlMkMlMjJkYXRhJTIyJTNBJTdCJTdEJTdEJTVEJTdEJTJDJTdCJTIya2xhc3MlMjIlM0ElMjJsZWFmJTIyJTJDJTIydGV4dCUyMiUzQSUyMiUyMGhhdmUlMjBiZWVuJTIwZW5qb3llZCUyMGdsb2JhbGx5JTJDJTIwYW5kJTIwaW4lMjB0aGlzJTIwbmV3JTIwY2hhcHRlciUyQyUyMHdlJTIwYXJlJTIwcmVkZWZpbmluZyUyMHdoYXQlMjBpdCUyMG1lYW5zJTIwdG8lMjBleHBlcmllbmNlJTIwQ2hpbmVzZSUyMGJha2VkJTIwZ29vZHMlRTIlODAlOTQlMjIlMkMlMjJtYXJrcyUyMiUzQSU1QiU1RCU3RCUyQyU3QiUyMmtsYXNzJTIyJTNBJTIybGVhZiUyMiUyQyUyMnRleHQlMjIlM0ElMjJmcmVzaGx5JTIwbWFkZSUyQyUyMHRob3VnaHRmdWxseSUyMGRlc2lnbmVkJTJDJTIwYW5kJTIwY3JhZnRlZCUyMGZvciUyMHRoZSUyMG1vZGVybiUyMHRhc3RlLiUyMiUyQyUyMm1hcmtzJTIyJTNBJTVCJTdCJTIya2xhc3MlMjIlM0ElMjJtYXJrJTIyJTJDJTIydHlwZSUyMiUzQSUyMmJvbGQlMjIlMkMlMjJkYXRhJTIyJTNBJTdCJTdEJTdEJTVEJTdEJTVEJTdEJTVEJTJDJTIyY29udGVudFR5cGUlMjIlM0ElMjJjYW5namllLXRleHRibG9jayUyMiU3RCU1RCU3RA==\" data-identifier-application__slash__x-doc-key=\"3BMqY2xpXgzNOwZL\"><p>T\u1ea1i XuanMa, m\u1ed7i chi\u1ebfc b\u00e1nh \u0111\u1ec1u k\u1ec3 m\u1ed9t c\u00e2u chuy\u1ec7n \u2014 v\u1ec1 t\u00ecnh y\u00eau, di s\u1ea3n v\u00e0 s\u1ef1 ch\u0103m s\u00f3c th\u1ee7 c\u00f4ng. \u0110\u01b0\u1ee3c truy\u1ec1n c\u1ea3m h\u1ee9ng t\u1eeb s\u1ef1 \u1ea5m \u00e1p c\u1ee7a vi\u1ec7c n\u01b0\u1edbng b\u00e1nh t\u1ea1i nh\u00e0, ch\u00fang t\u00f4i b\u1eaft \u0111\u1ea7u v\u1edbi m\u1ed9t ni\u1ec1m tin \u0111\u01a1n gi\u1ea3n: r\u1eb1ng ni\u1ec1m vui c\u1ee7a nh\u1eefng chi\u1ebfc b\u00e1nh Trung Qu\u1ed1c ch\u00ednh th\u1ed1ng n\u00ean \u0111\u01b0\u1ee3c chia s\u1ebb v\u1edbi th\u1ebf gi\u1edbi.<\/p><p>V\u1edbi h\u01a1n 600 tri\u1ec7u m\u00f3n b\u00e1nh \u0111\u01b0\u1ee3c th\u01b0\u1edfng th\u1ee9c tr\u00ean to\u00e0n th\u1ebf gi\u1edbi, ch\u00fang ta \u0111ang b\u01b0\u1edbc v\u00e0o m\u1ed9t ch\u01b0\u01a1ng m\u1edbi \u2014 t\u00e1i \u0111\u1ecbnh ngh\u0129a b\u00e1nh ng\u1ecdt Trung Qu\u1ed1c th\u00e0nh nh\u1eefng s\u1ea3n ph\u1ea9m t\u01b0\u01a1i ngon, \u0111\u1eb9p m\u1eaft v\u00e0 ph\u00f9 h\u1ee3p v\u1edbi kh\u1ea9u v\u1ecb hi\u1ec7n \u0111\u1ea1i.<\/p><\/article>\t\t\t\t\t\t\t\t<\/div>\n\t\t\t\t<\/div>\n\t\t\t\t<\/div>\n\t\t\t\t\t<\/div>\n\t\t\t\t<\/div>\n\t\t<div class=\"wd-negative-gap elementor-element elementor-element-3c30f11 e-flex e-con-boxed e-con e-parent\" data-id=\"3c30f11\" data-element_type=\"container\">\n\t\t\t\t\t<div class=\"e-con-inner\">\n\t\t<div class=\"elementor-element elementor-element-0229462 e-con-full e-flex e-con e-child\" data-id=\"0229462\" data-element_type=\"container\">\n\t\t\t\t<div class=\"elementor-element elementor-element-46b2755 elementor-widget elementor-widget-heading\" data-id=\"46b2755\" data-element_type=\"widget\" data-widget_type=\"heading.default\">\n\t\t\t\t<div class=\"elementor-widget-container\">\n\t\t\t\t\t<h2 class=\"elementor-heading-title elementor-size-default\">\ud83c\udf75 T\u01b0\u01a1i ngon c\u00f3 th\u1ec3 c\u1ea3m nh\u1eadn, tay ngh\u1ec1 \u0111\u00e1ng tin c\u1eady<\/h2>\t\t\t\t<\/div>\n\t\t\t\t<\/div>\n\t\t\t\t<div class=\"elementor-element elementor-element-1fdc6ab color-scheme-inherit text-left elementor-widget elementor-widget-text-editor\" data-id=\"1fdc6ab\" data-element_type=\"widget\" data-widget_type=\"text-editor.default\">\n\t\t\t\t<div class=\"elementor-widget-container\">\n\t\t\t\t\t\t\t\t\t<p>T\u1ea1i XuanMa, ch\u00fang t\u00f4i tin r\u1eb1ng s\u1ef1 t\u01b0\u01a1i m\u1edbi mang l\u1ea1i h\u01b0\u01a1ng v\u1ecb \u0111\u00edch th\u1ef1c. M\u00f3n b\u00e1nh tr\u1ee9ng \u0111\u1eb7c tr\u01b0ng c\u1ee7a ch\u00fang t\u00f4i \u0111\u01b0\u1ee3c ch\u1ebf bi\u1ebfn theo t\u1eebng m\u1ebb nh\u1ecf, s\u1eed d\u1ee5ng nguy\u00ean li\u1ec7u cao c\u1ea5p \u2014 b\u01a1 New Zealand ch\u0103n th\u1ea3 t\u1ef1 nhi\u00ean, l\u00f2ng \u0111\u1ecf tr\u1ee9ng mu\u1ed1i m\u1ec1m m\u1ecbn v\u00e0 b\u00e1nh mochi tuy\u1ebft t\u01b0\u01a1i m\u1edbi l\u00e0m.<\/p><p>M\u1ed7i l\u1edbp b\u00e1nh m\u1ecfng manh \u0111\u01b0\u1ee3c g\u1ea5p tay c\u1ea9n th\u1eadn v\u00e0 n\u01b0\u1edbng \u0111\u1ebfn \u0111\u1ed9 gi\u00f2n v\u00e0ng ru\u1ed9m, mang l\u1ea1i l\u1edbp v\u1ecf nh\u1eb9 nh\u00e0ng v\u00e0 ph\u1ea7n nh\u00e2n \u0111\u1eadm \u0111\u00e0, th\u01a1m ngon. Nh\u1edd c\u00f4ng ngh\u1ec7 gi\u1eef t\u01b0\u01a1i m\u1edbi, m\u1ed7i mi\u1ebfng b\u00e1nh \u0111\u1ec1u mang \u0111\u1ebfn h\u01b0\u01a1ng v\u1ecb t\u01b0\u01a1i ngon nh\u01b0 v\u1eeba m\u1edbi \u0111\u01b0\u1ee3c l\u00e0m ri\u00eang cho b\u1ea1n.<\/p>\t\t\t\t\t\t\t\t<\/div>\n\t\t\t\t<\/div>\n\t\t\t\t<\/div>\n\t\t<div class=\"elementor-element elementor-element-3ddc505 e-con-full e-flex e-con e-child\" data-id=\"3ddc505\" data-element_type=\"container\">\n\t\t\t\t<div class=\"elementor-element elementor-element-ef80706 elementor-widget elementor-widget-image\" data-id=\"ef80706\" data-element_type=\"widget\" data-widget_type=\"image.default\">\n\t\t\t\t<div class=\"elementor-widget-container\">\n\t\t\t\t\t\t\t\t\t\t\t\t\t\t\t<img decoding=\"async\" width=\"1920\" height=\"2560\" src=\"https:\/\/xuanmashop.com\/wp-content\/uploads\/2025\/06\/xuanma-fresh-chinese-pastries-scaled.webp\" class=\"attachment-large size-large wp-image-27955\" alt=\"xuanma fresh chinese pastries\" srcset=\"https:\/\/xuanmashop.com\/wp-content\/uploads\/2025\/06\/xuanma-fresh-chinese-pastries-scaled.webp 1920w, https:\/\/xuanmashop.com\/wp-content\/uploads\/2025\/06\/xuanma-fresh-chinese-pastries-scaled-150x200.webp 150w, https:\/\/xuanmashop.com\/wp-content\/uploads\/2025\/06\/xuanma-fresh-chinese-pastries-scaled-700x933.webp 700w, https:\/\/xuanmashop.com\/wp-content\/uploads\/2025\/06\/xuanma-fresh-chinese-pastries-768x1024.webp 768w, https:\/\/xuanmashop.com\/wp-content\/uploads\/2025\/06\/xuanma-fresh-chinese-pastries-1152x1536.webp 1152w, https:\/\/xuanmashop.com\/wp-content\/uploads\/2025\/06\/xuanma-fresh-chinese-pastries-1536x2048.webp 1536w\" sizes=\"(max-width: 1920px) 100vw, 1920px\" title=\"\">\t\t\t\t\t\t\t\t\t\t\t\t\t\t\t<\/div>\n\t\t\t\t<\/div>\n\t\t\t\t<\/div>\n\t\t\t\t\t<\/div>\n\t\t\t\t<\/div>\n\t\t<div class=\"wd-negative-gap elementor-element elementor-element-2a58727 e-flex e-con-boxed e-con e-parent\" data-id=\"2a58727\" data-element_type=\"container\">\n\t\t\t\t\t<div class=\"e-con-inner\">\n\t\t<div class=\"elementor-element elementor-element-9a6809e e-con-full e-flex e-con e-child\" data-id=\"9a6809e\" data-element_type=\"container\">\n\t\t\t\t<div class=\"elementor-element elementor-element-eaccdeb elementor-widget elementor-widget-image\" data-id=\"eaccdeb\" data-element_type=\"widget\" data-widget_type=\"image.default\">\n\t\t\t\t<div class=\"elementor-widget-container\">\n\t\t\t\t\t\t\t\t\t\t\t\t\t\t\t<img decoding=\"async\" width=\"1067\" height=\"600\" src=\"https:\/\/xuanmashop.com\/wp-content\/uploads\/2025\/06\/xuanma-shop.webp\" class=\"attachment-large size-large wp-image-27930\" alt=\"Fresh Chinese pastries, rooted in warm tradition\" srcset=\"https:\/\/xuanmashop.com\/wp-content\/uploads\/2025\/06\/xuanma-shop.webp 1067w, https:\/\/xuanmashop.com\/wp-content\/uploads\/2025\/06\/xuanma-shop-150x84.webp 150w, https:\/\/xuanmashop.com\/wp-content\/uploads\/2025\/06\/xuanma-shop-700x394.webp 700w, https:\/\/xuanmashop.com\/wp-content\/uploads\/2025\/06\/xuanma-shop-768x432.webp 768w\" sizes=\"(max-width: 1067px) 100vw, 1067px\" title=\"\">\t\t\t\t\t\t\t\t\t\t\t\t\t\t\t<\/div>\n\t\t\t\t<\/div>\n\t\t\t\t<\/div>\n\t\t<div class=\"elementor-element elementor-element-11789ec e-con-full e-flex e-con e-child\" data-id=\"11789ec\" data-element_type=\"container\">\n\t\t\t\t<div class=\"elementor-element elementor-element-b472489 elementor-widget elementor-widget-heading\" data-id=\"b472489\" data-element_type=\"widget\" data-widget_type=\"heading.default\">\n\t\t\t\t<div class=\"elementor-widget-container\">\n\t\t\t\t\t<h2 class=\"elementor-heading-title elementor-size-default\">\ud83c\udf81 Kh\u00f4ng ch\u1ec9 l\u00e0 m\u1ed9t m\u00f3n b\u00e1nh, m\u00e0 l\u00e0 m\u1ed9t m\u00f3n qu\u00e0 t\u1eeb tr\u00e1i tim.<\/h2>\t\t\t\t<\/div>\n\t\t\t\t<\/div>\n\t\t\t\t<div class=\"elementor-element elementor-element-becbb43 color-scheme-inherit text-left elementor-widget elementor-widget-text-editor\" data-id=\"becbb43\" data-element_type=\"widget\" data-widget_type=\"text-editor.default\">\n\t\t\t\t<div class=\"elementor-widget-container\">\n\t\t\t\t\t\t\t\t\t<p>XuanMa kh\u00f4ng ch\u1ec9 l\u00e0 v\u1ec1 h\u01b0\u01a1ng v\u1ecb \u2014 m\u00e0 c\u00f2n l\u00e0 v\u1ec1 s\u1ef1 k\u1ebft n\u1ed1i. D\u00f9 \u0111\u01b0\u1ee3c t\u1eb7ng v\u1edbi t\u00ecnh y\u00eau, chia s\u1ebb trong c\u00e1c bu\u1ed5i sum h\u1ecdp gia \u0111\u00ecnh hay th\u01b0\u1edfng th\u1ee9c trong nh\u1eefng kho\u1ea3nh kh\u1eafc y\u00ean b\u00ecnh, nh\u1eefng m\u00f3n b\u00e1nh c\u1ee7a ch\u00fang t\u00f4i \u0111\u01b0\u1ee3c t\u1ea1o ra \u0111\u1ec3 g\u1eafn k\u1ebft m\u1ecdi ng\u01b0\u1eddi l\u1ea1i g\u1ea7n nhau.<\/p><p>M\u1ed9t c\u00e1ch th\u1ec3 hi\u1ec7n hi\u1ec7n \u0111\u1ea1i c\u1ee7a truy\u1ec1n th\u1ed1ng t\u1eb7ng qu\u00e0, m\u1ed7i chi\u1ebfc b\u00e1nh kh\u00f4ng ch\u1ec9 mang h\u01b0\u01a1ng v\u1ecb m\u00e0 c\u00f2n ch\u1ee9a \u0111\u1ef1ng \u00fd ngh\u0129a s\u00e2u s\u1eafc \u2014 m\u1ed9t c\u1eed ch\u1ec9 th\u1ec3 hi\u1ec7n s\u1ef1 quan t\u00e2m, \u1ea5m \u00e1p v\u00e0 s\u1ef1 g\u1eafn k\u1ebft.<\/p>\t\t\t\t\t\t\t\t<\/div>\n\t\t\t\t<\/div>\n\t\t\t\t<\/div>\n\t\t\t\t\t<\/div>\n\t\t\t\t<\/div>\n\t\t<div class=\"wd-negative-gap elementor-element elementor-element-b9997de e-flex e-con-boxed e-con e-parent\" data-id=\"b9997de\" data-element_type=\"container\">\n\t\t\t\t\t<div class=\"e-con-inner\">\n\t\t<div class=\"elementor-element elementor-element-852058d e-con-full e-flex e-con e-child\" data-id=\"852058d\" data-element_type=\"container\">\n\t\t\t\t<div class=\"elementor-element elementor-element-008b4e7 elementor-widget elementor-widget-heading\" data-id=\"008b4e7\" data-element_type=\"widget\" data-widget_type=\"heading.default\">\n\t\t\t\t<div class=\"elementor-widget-container\">\n\t\t\t\t\t<h2 class=\"elementor-heading-title elementor-size-default\">\ud83c\udf1f M\u1ed9t s\u1ef1 l\u1ef1a ch\u1ecdn m\u1edbi cho gu th\u1ea9m m\u1ef9 hi\u1ec7n \u0111\u1ea1i<\/h2>\t\t\t\t<\/div>\n\t\t\t\t<\/div>\n\t\t\t\t<div class=\"elementor-element elementor-element-c6b9aa8 color-scheme-inherit text-left elementor-widget elementor-widget-text-editor\" data-id=\"c6b9aa8\" data-element_type=\"widget\" data-widget_type=\"text-editor.default\">\n\t\t\t\t<div class=\"elementor-widget-container\">\n\t\t\t\t\t\t\t\t\t<p>XuanMa kh\u00f4ng ph\u1ea3i l\u00e0 ti\u1ec7m b\u00e1nh truy\u1ec1n th\u1ed1ng th\u00f4ng th\u01b0\u1eddng\u2014ch\u00fang t\u00f4i \u0111ang \u0111\u01b0a b\u00e1nh ng\u1ecdt Trung Qu\u1ed1c v\u00e0o th\u1eddi \u0111\u1ea1i hi\u1ec7n \u0111\u1ea1i. V\u1edbi nguy\u00ean li\u1ec7u t\u01b0\u01a1i ngon, bao b\u00ec hi\u1ec7n \u0111\u1ea1i v\u00e0 h\u01b0\u01a1ng v\u1ecb s\u00e1ng t\u1ea1o, ch\u00fang t\u00f4i \u0111ang thi\u1ebft l\u1eadp m\u1ed9t ti\u00eau chu\u1ea9n m\u1edbi cho b\u00e1nh ng\u1ecdt Trung Qu\u1ed1c.<\/p><p>D\u00f9 b\u1ea1n l\u00e0 ng\u01b0\u1eddi h\u00e2m m\u1ed9 l\u00e2u n\u0103m c\u1ee7a nh\u1eefng m\u00f3n tr\u00e1ng mi\u1ec7ng kinh \u0111i\u1ec3n hay \u0111ang kh\u00e1m ph\u00e1 ch\u00fang l\u1ea7n \u0111\u1ea7u ti\u00ean, XuanMa l\u00e0 l\u1ef1a ch\u1ecdn t\u01b0\u01a1i m\u1edbi, ch\u00e2n th\u00e0nh v\u00e0 s\u00e1ng t\u1ea1o d\u00e0nh cho b\u1ea1n.<\/p>\t\t\t\t\t\t\t\t<\/div>\n\t\t\t\t<\/div>\n\t\t\t\t<\/div>\n\t\t<div class=\"elementor-element elementor-element-b298cce e-con-full e-flex e-con e-child\" data-id=\"b298cce\" data-element_type=\"container\">\n\t\t\t\t<div class=\"elementor-element elementor-element-1b2524d elementor-widget elementor-widget-image\" data-id=\"1b2524d\" data-element_type=\"widget\" data-widget_type=\"image.default\">\n\t\t\t\t<div class=\"elementor-widget-container\">\n\t\t\t\t\t\t\t\t\t\t\t\t\t\t\t<img loading=\"lazy\" decoding=\"async\" width=\"800\" height=\"800\" src=\"https:\/\/xuanmashop.com\/wp-content\/uploads\/2025\/05\/xuanma-mini-salted-egg-yolk-pastry.webp\" class=\"attachment-large size-large wp-image-27738\" alt=\"xuanma mini salted egg yolk pastry\" srcset=\"https:\/\/xuanmashop.com\/wp-content\/uploads\/2025\/05\/xuanma-mini-salted-egg-yolk-pastry.webp 800w, https:\/\/xuanmashop.com\/wp-content\/uploads\/2025\/05\/xuanma-mini-salted-egg-yolk-pastry-430x430.webp 430w, https:\/\/xuanmashop.com\/wp-content\/uploads\/2025\/05\/xuanma-mini-salted-egg-yolk-pastry-150x150.webp 150w, https:\/\/xuanmashop.com\/wp-content\/uploads\/2025\/05\/xuanma-mini-salted-egg-yolk-pastry-700x700.webp 700w, https:\/\/xuanmashop.com\/wp-content\/uploads\/2025\/05\/xuanma-mini-salted-egg-yolk-pastry-768x768.webp 768w, https:\/\/xuanmashop.com\/wp-content\/uploads\/2025\/05\/xuanma-mini-salted-egg-yolk-pastry-250x250.webp 250w\" sizes=\"(max-width: 800px) 100vw, 800px\" title=\"\">\t\t\t\t\t\t\t\t\t\t\t\t\t\t\t<\/div>\n\t\t\t\t<\/div>\n\t\t\t\t<\/div>\n\t\t\t\t\t<\/div>\n\t\t\t\t<\/div>\n\t\t\t\t<\/div>","protected":false},"excerpt":{"rendered":"<p>Our Story A\u00a0Taste\u00a0of\u00a0Home,\u00a0A\u00a0Gift\u00a0of\u00a0Love \u2728 From a Mother\u2019s Love to the World\u2019s Table At XuanMa, every pastry tells a story \u2014<\/p>","protected":false},"author":2,"featured_media":0,"parent":0,"menu_order":0,"comment_status":"closed","ping_status":"closed","template":"","meta":{"_acf_changed":false,"footnotes":""},"class_list":["post-27263","page","type-page","status-publish","hentry"],"acf":[],"_links":{"self":[{"href":"https:\/\/xuanmashop.com\/vi\/wp-json\/wp\/v2\/pages\/27263","targetHints":{"allow":["GET"]}}],"collection":[{"href":"https:\/\/xuanmashop.com\/vi\/wp-json\/wp\/v2\/pages"}],"about":[{"href":"https:\/\/xuanmashop.com\/vi\/wp-json\/wp\/v2\/types\/page"}],"author":[{"embeddable":true,"href":"https:\/\/xuanmashop.com\/vi\/wp-json\/wp\/v2\/users\/2"}],"replies":[{"embeddable":true,"href":"https:\/\/xuanmashop.com\/vi\/wp-json\/wp\/v2\/comments?post=27263"}],"version-history":[{"count":10,"href":"https:\/\/xuanmashop.com\/vi\/wp-json\/wp\/v2\/pages\/27263\/revisions"}],"predecessor-version":[{"id":29099,"href":"https:\/\/xuanmashop.com\/vi\/wp-json\/wp\/v2\/pages\/27263\/revisions\/29099"}],"wp:attachment":[{"href":"https:\/\/xuanmashop.com\/vi\/wp-json\/wp\/v2\/media?parent=27263"}],"curies":[{"name":"wp","href":"https:\/\/api.w.org\/{rel}","templated":true}]}}