{"id":3,"date":"2025-02-18T11:42:45","date_gmt":"2025-02-18T11:42:45","guid":{"rendered":"https:\/\/xuanmashop.com\/?page_id=3"},"modified":"2025-07-17T13:57:32","modified_gmt":"2025-07-17T13:57:32","slug":"privacy-policy","status":"publish","type":"page","link":"https:\/\/xuanmashop.com\/vi\/privacy-policy\/","title":{"rendered":"Ch\u00ednh s\u00e1ch b\u1ea3o m\u1eadt"},"content":{"rendered":"<div data-elementor-type=\"wp-page\" data-elementor-id=\"3\" class=\"elementor elementor-3\" data-elementor-settings=\"{&quot;element_pack_global_tooltip_width&quot;:{&quot;unit&quot;:&quot;px&quot;,&quot;size&quot;:&quot;&quot;,&quot;sizes&quot;:[]},&quot;element_pack_global_tooltip_width_tablet&quot;:{&quot;unit&quot;:&quot;px&quot;,&quot;size&quot;:&quot;&quot;,&quot;sizes&quot;:[]},&quot;element_pack_global_tooltip_width_mobile&quot;:{&quot;unit&quot;:&quot;px&quot;,&quot;size&quot;:&quot;&quot;,&quot;sizes&quot;:[]},&quot;element_pack_global_tooltip_padding&quot;:{&quot;unit&quot;:&quot;px&quot;,&quot;top&quot;:&quot;&quot;,&quot;right&quot;:&quot;&quot;,&quot;bottom&quot;:&quot;&quot;,&quot;left&quot;:&quot;&quot;,&quot;isLinked&quot;:true},&quot;element_pack_global_tooltip_padding_tablet&quot;:{&quot;unit&quot;:&quot;px&quot;,&quot;top&quot;:&quot;&quot;,&quot;right&quot;:&quot;&quot;,&quot;bottom&quot;:&quot;&quot;,&quot;left&quot;:&quot;&quot;,&quot;isLinked&quot;:true},&quot;element_pack_global_tooltip_padding_mobile&quot;:{&quot;unit&quot;:&quot;px&quot;,&quot;top&quot;:&quot;&quot;,&quot;right&quot;:&quot;&quot;,&quot;bottom&quot;:&quot;&quot;,&quot;left&quot;:&quot;&quot;,&quot;isLinked&quot;:true},&quot;element_pack_global_tooltip_border_radius&quot;:{&quot;unit&quot;:&quot;px&quot;,&quot;top&quot;:&quot;&quot;,&quot;right&quot;:&quot;&quot;,&quot;bottom&quot;:&quot;&quot;,&quot;left&quot;:&quot;&quot;,&quot;isLinked&quot;:true},&quot;element_pack_global_tooltip_border_radius_tablet&quot;:{&quot;unit&quot;:&quot;px&quot;,&quot;top&quot;:&quot;&quot;,&quot;right&quot;:&quot;&quot;,&quot;bottom&quot;:&quot;&quot;,&quot;left&quot;:&quot;&quot;,&quot;isLinked&quot;:true},&quot;element_pack_global_tooltip_border_radius_mobile&quot;:{&quot;unit&quot;:&quot;px&quot;,&quot;top&quot;:&quot;&quot;,&quot;right&quot;:&quot;&quot;,&quot;bottom&quot;:&quot;&quot;,&quot;left&quot;:&quot;&quot;,&quot;isLinked&quot;:true}}\" data-elementor-post-type=\"page\">\n\t\t\t\t<div class=\"wd-negative-gap elementor-element elementor-element-4f8b7b46 e-flex e-con-boxed e-con e-parent\" data-id=\"4f8b7b46\" data-element_type=\"container\">\n\t\t\t\t\t<div class=\"e-con-inner\">\n\t\t\t\t<div class=\"elementor-element elementor-element-122a324f color-scheme-inherit text-left elementor-widget elementor-widget-text-editor\" data-id=\"122a324f\" data-element_type=\"widget\" data-widget_type=\"text-editor.default\">\n\t\t\t\t<div class=\"elementor-widget-container\">\n\t\t\t\t\t\t\t\t\t<h2>M\u1ee4C 1 \u2013 CH\u00daNG T\u00d4I S\u1eec D\u1ee4NG TH\u00d4NG TIN C\u1ee6A B\u1ea0N NH\u01af TH\u1ebe N\u00c0O?<\/h2>\n<p data-start=\"201\" data-end=\"528\">Khi b\u1ea1n mua h\u00e0ng t\u1ea1i c\u1eeda h\u00e0ng XuanMa, trong qu\u00e1 tr\u00ecnh mua b\u00e1n, ch\u00fang t\u00f4i thu th\u1eadp th\u00f4ng tin c\u00e1 nh\u00e2n m\u00e0 b\u1ea1n cung c\u1ea5p, ch\u1eb3ng h\u1ea1n nh\u01b0 t\u00ean, \u0111\u1ecba ch\u1ec9 v\u00e0 \u0111\u1ecba ch\u1ec9 email c\u1ee7a b\u1ea1n. Khi b\u1ea1n duy\u1ec7t qua c\u1eeda h\u00e0ng c\u1ee7a ch\u00fang t\u00f4i, ch\u00fang t\u00f4i c\u0169ng t\u1ef1 \u0111\u1ed9ng nh\u1eadn \u0111\u1ecba ch\u1ec9 IP c\u1ee7a thi\u1ebft b\u1ecb c\u1ee7a b\u1ea1n \u0111\u1ec3 gi\u00fap ch\u00fang t\u00f4i hi\u1ec3u tr\u00ecnh duy\u1ec7t v\u00e0 h\u1ec7 \u0111i\u1ec1u h\u00e0nh c\u1ee7a b\u1ea1n.<\/p>\n<p data-start=\"530\" data-end=\"629\">V\u1edbi s\u1ef1 cho ph\u00e9p c\u1ee7a b\u1ea1n, ch\u00fang t\u00f4i c\u00f3 th\u1ec3 g\u1eedi cho b\u1ea1n email v\u1ec1 c\u1eeda h\u00e0ng c\u1ee7a ch\u00fang t\u00f4i, s\u1ea3n ph\u1ea9m m\u1edbi, khuy\u1ebfn m\u00e3i ho\u1eb7c c\u00e1c c\u1eadp nh\u1eadt.<\/p>\n<h2 data-start=\"530\" data-end=\"629\">M\u1ee4C 2 \u2013 S\u1ef0 \u0110\u1ed2NG \u00dd<\/h2>\n<h3 data-start=\"530\" data-end=\"629\">L\u00e0m th\u1ebf n\u00e0o \u0111\u1ec3 b\u1ea1n c\u00f3 \u0111\u01b0\u1ee3c s\u1ef1 \u0111\u1ed3ng \u00fd c\u1ee7a t\u00f4i?<\/h3>\n<p data-start=\"868\" data-end=\"1078\">Khi b\u1ea1n cung c\u1ea5p th\u00f4ng tin c\u00e1 nh\u00e2n \u0111\u1ec3 ho\u00e0n t\u1ea5t giao d\u1ecbch, x\u00e1c minh thanh to\u00e1n, s\u1eafp x\u1ebfp giao h\u00e0ng ho\u1eb7c x\u1eed l\u00fd vi\u1ec7c tr\u1ea3 h\u00e0ng, ch\u00fang t\u00f4i coi \u0111\u00f3 l\u00e0 s\u1ef1 \u0111\u1ed3ng \u00fd c\u1ee7a b\u1ea1n cho ph\u00e9p ch\u00fang t\u00f4i thu th\u1eadp v\u00e0 s\u1eed d\u1ee5ng th\u00f4ng tin \u0111\u00f3 cho m\u1ee5c \u0111\u00edch c\u1ee5 th\u1ec3 \u0111\u00f3.<\/p>\n<p data-start=\"1080\" data-end=\"1245\">N\u1ebfu ch\u00fang t\u00f4i y\u00eau c\u1ea7u th\u00f4ng tin c\u1ee7a b\u1ea1n v\u00ec m\u1ed9t l\u00fd do kh\u00e1c, ch\u1eb3ng h\u1ea1n nh\u01b0 ti\u1ebfp th\u1ecb, ch\u00fang t\u00f4i s\u1ebd tr\u1ef1c ti\u1ebfp y\u00eau c\u1ea7u s\u1ef1 \u0111\u1ed3ng \u00fd r\u00f5 r\u00e0ng c\u1ee7a b\u1ea1n ho\u1eb7c cung c\u1ea5p cho b\u1ea1n t\u00f9y ch\u1ecdn t\u1eeb ch\u1ed1i.<\/p>\n<h3 data-start=\"1080\" data-end=\"1245\">L\u00e0m th\u1ebf n\u00e0o \u0111\u1ec3 t\u00f4i r\u00fat l\u1ea1i s\u1ef1 \u0111\u1ed3ng \u00fd c\u1ee7a m\u00ecnh?<\/h3>\n<p>N\u1ebfu b\u1ea1n thay \u0111\u1ed5i \u00fd \u0111\u1ecbnh sau khi \u0111\u00e3 \u0111\u1ed3ng \u00fd, b\u1ea1n c\u00f3 th\u1ec3 r\u00fat l\u1ea1i s\u1ef1 \u0111\u1ed3ng \u00fd c\u1ee7a m\u00ecnh b\u1ea5t c\u1ee9 l\u00fac n\u00e0o b\u1eb1ng c\u00e1ch li\u00ean h\u1ec7 v\u1edbi ch\u00fang t\u00f4i t\u1ea1i:<a href=\"\/vi\/mail@blissfultasty.com\/\">\ud83d\udce7 mail@blissfultasty.com<\/a><\/p>\n<h2>M\u1ee4C 3 \u2013 TI\u1ebeT L\u1ed8<\/h2>\n<p>Ch\u00fang t\u00f4i c\u00f3 th\u1ec3 ti\u1ebft l\u1ed9 th\u00f4ng tin c\u00e1 nh\u00e2n c\u1ee7a b\u1ea1n n\u1ebfu lu\u1eadt ph\u00e1p y\u00eau c\u1ea7u ho\u1eb7c n\u1ebfu b\u1ea1n vi ph\u1ea1m \u0110i\u1ec1u kho\u1ea3n D\u1ecbch v\u1ee5 c\u1ee7a ch\u00fang t\u00f4i.<\/p>\n<h2>M\u1ee4C 4 \u2013 D\u1ecaCH V\u1ee4 C\u1ee6A B\u00caN TH\u1ee8 BA<\/h2>\n<p data-start=\"1847\" data-end=\"2101\">Ch\u00fang t\u00f4i c\u00f3 th\u1ec3 s\u1eed d\u1ee5ng c\u00e1c nh\u00e0 cung c\u1ea5p d\u1ecbch v\u1ee5 c\u1ee7a b\u00ean th\u1ee9 ba (nh\u01b0 d\u1ecbch v\u1ee5 logistics, c\u1ed5ng thanh to\u00e1n v\u00e0 c\u00f4ng c\u1ee5 ph\u00e2n t\u00edch) \u0111\u1ec3 h\u1ed7 tr\u1ee3 cung c\u1ea5p d\u1ecbch v\u1ee5 thay m\u1eb7t ch\u00fang t\u00f4i. C\u00e1c nh\u00e0 cung c\u1ea5p n\u00e0y ch\u1ec9 thu th\u1eadp, s\u1eed d\u1ee5ng v\u00e0 ti\u1ebft l\u1ed9 th\u00f4ng tin c\u1ee7a b\u1ea1n trong ph\u1ea1m vi c\u1ea7n thi\u1ebft \u0111\u1ec3 th\u1ef1c hi\u1ec7n c\u00e1c d\u1ecbch v\u1ee5 m\u00e0 h\u1ecd cung c\u1ea5p.<\/p>\n<p data-start=\"2103\" data-end=\"2332\">L\u01b0u \u00fd r\u1eb1ng m\u1ed9t s\u1ed1 b\u00ean th\u1ee9 ba c\u00f3 th\u1ec3 ho\u1ea1t \u0111\u1ed9ng t\u1ea1i c\u00e1c khu v\u1ef1c ph\u00e1p l\u00fd kh\u00e1c v\u1edbi khu v\u1ef1c ph\u00e1p l\u00fd c\u1ee7a b\u1ea1n ho\u1eb7c c\u1ee7a ch\u00fang t\u00f4i. N\u1ebfu b\u1ea1n ti\u1ebfn h\u00e0nh giao d\u1ecbch li\u00ean quan \u0111\u1ebfn nh\u00e0 cung c\u1ea5p b\u00ean th\u1ee9 ba, th\u00f4ng tin c\u1ee7a b\u1ea1n c\u00f3 th\u1ec3 ch\u1ecbu s\u1ef1 \u0111i\u1ec1u ch\u1ec9nh c\u1ee7a ph\u00e1p lu\u1eadt t\u1ea1i khu v\u1ef1c ph\u00e1p l\u00fd c\u1ee7a h\u1ecd.<\/p>\n<h2 data-start=\"2103\" data-end=\"2332\">M\u1ee4C 5 \u2013 AN NINH<\/h2>\n<p data-start=\"2447\" data-end=\"2612\">Ch\u00fang t\u00f4i th\u1ef1c hi\u1ec7n c\u00e1c bi\u1ec7n ph\u00e1p ph\u00f2ng ng\u1eeba h\u1ee3p l\u00fd v\u00e0 tu\u00e2n th\u1ee7 c\u00e1c ti\u00eau chu\u1ea9n t\u1ed1t nh\u1ea5t trong ng\u00e0nh \u0111\u1ec3 b\u1ea3o v\u1ec7 d\u1eef li\u1ec7u c\u00e1 nh\u00e2n c\u1ee7a b\u1ea1n kh\u1ecfi b\u1ecb m\u1ea5t m\u00e1t, l\u1ea1m d\u1ee5ng, truy c\u1eadp tr\u00e1i ph\u00e9p, ti\u1ebft l\u1ed9, thay \u0111\u1ed5i ho\u1eb7c h\u1ee7y b\u1ecf.<\/p>\n<p data-start=\"2614\" data-end=\"2781\">M\u1eb7c d\u00f9 kh\u00f4ng c\u00f3 ph\u01b0\u01a1ng th\u1ee9c truy\u1ec1n t\u1ea3i qua Internet ho\u1eb7c l\u01b0u tr\u1eef \u0111i\u1ec7n t\u1eed n\u00e0o l\u00e0 an to\u00e0n 100%, ch\u00fang t\u00f4i \u00e1p d\u1ee5ng c\u00e1c ti\u00eau chu\u1ea9n b\u1ea3o m\u1eadt \u0111\u01b0\u1ee3c ch\u1ea5p nh\u1eadn r\u1ed9ng r\u00e3i \u0111\u1ec3 b\u1ea3o v\u1ec7 th\u00f4ng tin c\u1ee7a b\u1ea1n.<\/p>\n<h2 data-start=\"2614\" data-end=\"2781\">M\u1ee4C 6 \u2013 COOKIES<\/h2>\n<p data-start=\"2948\" data-end=\"3039\">Ch\u00fang t\u00f4i s\u1eed d\u1ee5ng cookie \u0111\u1ec3 n\u00e2ng cao tr\u1ea3i nghi\u1ec7m mua s\u1eafm c\u1ee7a b\u1ea1n. D\u01b0\u1edbi \u0111\u00e2y l\u00e0 m\u1ed9t s\u1ed1 lo\u1ea1i cookie ph\u1ed5 bi\u1ebfn m\u00e0 ch\u00fang t\u00f4i c\u00f3 th\u1ec3 s\u1eed d\u1ee5ng:<\/p>\n<ul data-start=\"3041\" data-end=\"3250\">\n<li data-start=\"3041\" data-end=\"3116\">\n<p data-start=\"3043\" data-end=\"3116\">Cookie phi\u00ean: L\u01b0u tr\u1eef th\u00f4ng tin t\u1ea1m th\u1eddi \u0111\u1ec3 gi\u00fap b\u1ea1n \u0111i\u1ec1u h\u01b0\u1edbng c\u00e1c trang web.<\/p>\n<\/li>\n<li data-start=\"3117\" data-end=\"3176\">\n<p data-start=\"3119\" data-end=\"3176\">Cookie gi\u1ecf h\u00e0ng: Theo d\u00f5i c\u00e1c m\u1eb7t h\u00e0ng trong gi\u1ecf h\u00e0ng c\u1ee7a b\u1ea1n<\/p>\n<\/li>\n<li data-start=\"3177\" data-end=\"3250\">\n<p data-start=\"3179\" data-end=\"3250\">Cookie ph\u00e2n t\u00edch: Gi\u00fap ch\u00fang t\u00f4i hi\u1ec3u l\u01b0u l\u01b0\u1ee3ng truy c\u1eadp trang web v\u00e0 c\u00e1c m\u1eabu s\u1eed d\u1ee5ng.<\/p>\n<\/li>\n<\/ul>\n<p data-start=\"3252\" data-end=\"3324\">B\u1ea1n c\u00f3 th\u1ec3 ch\u1ecdn kh\u00f4ng s\u1eed d\u1ee5ng cookie b\u1eb1ng c\u00e1ch \u0111i\u1ec1u ch\u1ec9nh c\u00e0i \u0111\u1eb7t tr\u00ecnh duy\u1ec7t c\u1ee7a m\u00ecnh.<\/p>\n<h2 data-start=\"3252\" data-end=\"3324\">\u0110I\u1ec0U 7 \u2013 TU\u1ed4I \u0110\u1ed2NG \u00dd<\/h2>\n<p data-start=\"3527\" data-end=\"3696\">B\u1eb1ng c\u00e1ch s\u1eed d\u1ee5ng trang web n\u00e0y, b\u1ea1n x\u00e1c nh\u1eadn r\u1eb1ng b\u1ea1n \u0111\u00e3 \u0111\u1ee7 tu\u1ed5i th\u00e0nh ni\u00ean theo quy \u0111\u1ecbnh c\u1ee7a qu\u1ed1c gia ho\u1eb7c khu v\u1ef1c c\u1ee7a m\u00ecnh, ho\u1eb7c b\u1ea1n \u0111\u00e3 cho ph\u00e9p c\u00e1c th\u00e0nh vi\u00ean v\u1ecb th\u00e0nh ni\u00ean trong gia \u0111\u00ecnh s\u1eed d\u1ee5ng trang web n\u00e0y.<\/p>\n<p data-start=\"3698\" data-end=\"3937\">Ch\u00fang t\u00f4i kh\u00f4ng thu th\u1eadp th\u00f4ng tin c\u00e1 nh\u00e2n c\u1ee7a tr\u1ebb em d\u01b0\u1edbi 13 tu\u1ed5i m\u1ed9t c\u00e1ch c\u1ed1 \u00fd. N\u1ebfu b\u1ea1n l\u00e0 cha m\u1eb9 ho\u1eb7c ng\u01b0\u1eddi gi\u00e1m h\u1ed9 v\u00e0 cho r\u1eb1ng con b\u1ea1n \u0111\u00e3 cung c\u1ea5p th\u00f4ng tin c\u00e1 nh\u00e2n, vui l\u00f2ng li\u00ean h\u1ec7 v\u1edbi ch\u00fang t\u00f4i t\u1ea1i <a class=\"cursor-pointer\" href=\"\/vi\/mail@blissfultasty.com\/\" rel=\"noopener\" data-start=\"3883\" data-end=\"3905\">mail@blissfultasty.com<\/a> v\u00e0 ch\u00fang t\u00f4i s\u1ebd g\u1ee1 b\u1ecf ngay l\u1eadp t\u1ee9c.<\/p>\n<h2 data-start=\"3698\" data-end=\"3937\">\u0110I\u1ec0U 8 \u2013 THAY \u0110\u1ed4I \u0110\u1ed0I V\u1edaI CH\u00cdNH S\u00c1CH B\u1ea2O M\u1eacT N\u00c0Y<\/h2>\n<p data-start=\"4143\" data-end=\"4274\">Ch\u00fang t\u00f4i c\u00f3 quy\u1ec1n c\u1eadp nh\u1eadt Ch\u00ednh s\u00e1ch B\u1ea3o m\u1eadt n\u00e0y v\u00e0o b\u1ea5t k\u1ef3 th\u1eddi \u0111i\u1ec3m n\u00e0o. C\u00e1c thay \u0111\u1ed5i s\u1ebd c\u00f3 hi\u1ec7u l\u1ef1c ngay l\u1eadp t\u1ee9c sau khi \u0111\u01b0\u1ee3c \u0111\u0103ng t\u1ea3i tr\u00ean trang web.<\/p>\n<p data-start=\"4276\" data-end=\"4415\">N\u1ebfu ch\u00fang t\u00f4i th\u1ef1c hi\u1ec7n c\u00e1c thay \u0111\u1ed5i quan tr\u1ecdng, ch\u00fang t\u00f4i s\u1ebd th\u00f4ng b\u00e1o cho b\u1ea1n t\u1ea1i \u0111\u00e2y. Vi\u1ec7c b\u1ea1n ti\u1ebfp t\u1ee5c s\u1eed d\u1ee5ng trang web c\u1ee7a ch\u00fang t\u00f4i \u0111\u1ed3ng ngh\u0129a v\u1edbi vi\u1ec7c b\u1ea1n ch\u1ea5p nh\u1eadn ch\u00ednh s\u00e1ch \u0111\u00e3 \u0111\u01b0\u1ee3c c\u1eadp nh\u1eadt.<\/p>\n<h2 data-start=\"4276\" data-end=\"4415\">C\u00c2U H\u1eceI V\u00c0 TH\u00d4NG TIN LI\u00caN H\u1ec6<\/h2>\n<p>N\u1ebfu qu\u00fd kh\u00e1ch mu\u1ed1n truy c\u1eadp, ch\u1ec9nh s\u1eeda, b\u1ed5 sung ho\u1eb7c x\u00f3a b\u1ea5t k\u1ef3 th\u00f4ng tin c\u00e1 nh\u00e2n n\u00e0o m\u00e0 ch\u00fang t\u00f4i \u0111ang l\u01b0u tr\u1eef v\u1ec1 qu\u00fd kh\u00e1ch, ho\u1eb7c c\u00f3 b\u1ea5t k\u1ef3 c\u00e2u h\u1ecfi ho\u1eb7c th\u1eafc m\u1eafc n\u00e0o, vui l\u00f2ng li\u00ean h\u1ec7 v\u1edbi ch\u00fang t\u00f4i t\u1ea1i:<a href=\"\/vi\/mail@blissfultasty.com\/\">\ud83d\udce7 mail@blissfultasty.com<\/a><\/p>\n<p>\u00a0<\/p>\t\t\t\t\t\t\t\t<\/div>\n\t\t\t\t<\/div>\n\t\t\t\t\t<\/div>\n\t\t\t\t<\/div>\n\t\t\t\t<\/div>","protected":false},"excerpt":{"rendered":"<p>SECTION 1 &#8211; WHAT DO WE DO WITH YOUR INFORMATION? When you purchase something from the XuanMa store, as part<\/p>","protected":false},"author":1,"featured_media":0,"parent":0,"menu_order":0,"comment_status":"closed","ping_status":"closed","template":"elementor_header_footer","meta":{"_acf_changed":false,"footnotes":""},"class_list":["post-3","page","type-page","status-publish","hentry"],"acf":[],"_links":{"self":[{"href":"https:\/\/xuanmashop.com\/vi\/wp-json\/wp\/v2\/pages\/3","targetHints":{"allow":["GET"]}}],"collection":[{"href":"https:\/\/xuanmashop.com\/vi\/wp-json\/wp\/v2\/pages"}],"about":[{"href":"https:\/\/xuanmashop.com\/vi\/wp-json\/wp\/v2\/types\/page"}],"author":[{"embeddable":true,"href":"https:\/\/xuanmashop.com\/vi\/wp-json\/wp\/v2\/users\/1"}],"replies":[{"embeddable":true,"href":"https:\/\/xuanmashop.com\/vi\/wp-json\/wp\/v2\/comments?post=3"}],"version-history":[{"count":4,"href":"https:\/\/xuanmashop.com\/vi\/wp-json\/wp\/v2\/pages\/3\/revisions"}],"predecessor-version":[{"id":28950,"href":"https:\/\/xuanmashop.com\/vi\/wp-json\/wp\/v2\/pages\/3\/revisions\/28950"}],"wp:attachment":[{"href":"https:\/\/xuanmashop.com\/vi\/wp-json\/wp\/v2\/media?parent=3"}],"curies":[{"name":"wp","href":"https:\/\/api.w.org\/{rel}","templated":true}]}}