{"id":27204,"date":"2025-01-06T17:35:41","date_gmt":"2025-01-06T17:35:41","guid":{"rendered":"https:\/\/xuanmashop.com\/product\/one-bite-pastry\/"},"modified":"2025-08-29T15:28:04","modified_gmt":"2025-08-29T15:28:04","slug":"mini-egg-yolk-pastry","status":"publish","type":"product","link":"https:\/\/xuanmashop.com\/vi\/san-pham\/mini-egg-yolk-pastry\/","title":{"rendered":"B\u00e1nh ng\u1ecdt m\u1ed9t mi\u1ebfng"},"content":{"rendered":"<article class=\"4ever-article\" data-clipboard-cangjie=\"[&quot;root&quot;,{},[&quot;p&quot;,{&quot;ind&quot;:{},&quot;spacing&quot;:{},&quot;uuid&quot;:&quot;m8wqc1187g1ely1b2or&quot;},[&quot;span&quot;,{&quot;data-type&quot;:&quot;text&quot;},[&quot;span&quot;,{&quot;bold&quot;:true,&quot;sz&quot;:12,&quot;szUnit&quot;:&quot;pt&quot;,&quot;color&quot;:&quot;rgb(64, 64, 64)&quot;,&quot;data-type&quot;:&quot;leaf&quot;},&quot;Perfect For&quot;]]],[&quot;p&quot;,{&quot;list&quot;:{&quot;listId&quot;:&quot;ippix2ojpnj&quot;,&quot;isOrdered&quot;:false,&quot;level&quot;:0,&quot;listStyle&quot;:{&quot;format&quot;:&quot;bullet&quot;,&quot;text&quot;:&quot;\u25cf&quot;,&quot;align&quot;:&quot;left&quot;}},&quot;ind&quot;:{},&quot;spacing&quot;:{},&quot;uuid&quot;:&quot;m8wqc1r0i0dcjrskq4&quot;},[&quot;span&quot;,{&quot;data-type&quot;:&quot;text&quot;},[&quot;span&quot;,{&quot;sz&quot;:11,&quot;szUnit&quot;:&quot;pt&quot;,&quot;color&quot;:&quot;rgb(64, 64, 64)&quot;,&quot;data-type&quot;:&quot;leaf&quot;},&quot;Snack drawer essentials&quot;]]],[&quot;p&quot;,{&quot;list&quot;:{&quot;listId&quot;:&quot;ippix2ojpnj&quot;,&quot;isOrdered&quot;:false,&quot;level&quot;:0,&quot;listStyle&quot;:{&quot;format&quot;:&quot;bullet&quot;,&quot;text&quot;:&quot;\u25cf&quot;,&quot;align&quot;:&quot;left&quot;}},&quot;ind&quot;:{},&quot;spacing&quot;:{},&quot;uuid&quot;:&quot;m8wqc1r2deus9uq2ukk&quot;},[&quot;span&quot;,{&quot;data-type&quot;:&quot;text&quot;},[&quot;span&quot;,{&quot;sz&quot;:11,&quot;szUnit&quot;:&quot;pt&quot;,&quot;color&quot;:&quot;rgb(64, 64, 64)&quot;,&quot;data-type&quot;:&quot;leaf&quot;},&quot;Lunchbox surprises&quot;]]],[&quot;p&quot;,{&quot;list&quot;:{&quot;listId&quot;:&quot;ippix2ojpnj&quot;,&quot;isOrdered&quot;:false,&quot;level&quot;:0,&quot;listStyle&quot;:{&quot;format&quot;:&quot;bullet&quot;,&quot;text&quot;:&quot;\u25cf&quot;,&quot;align&quot;:&quot;left&quot;}},&quot;ind&quot;:{},&quot;spacing&quot;:{},&quot;uuid&quot;:&quot;m8wqc1r5q3cbxzlwg8g&quot;},[&quot;span&quot;,{&quot;data-type&quot;:&quot;text&quot;},[&quot;span&quot;,{&quot;sz&quot;:11,&quot;szUnit&quot;:&quot;pt&quot;,&quot;color&quot;:&quot;rgb(64, 64, 64)&quot;,&quot;data-type&quot;:&quot;leaf&quot;},&quot;\u201cOops I forgot dessert\u201d emergencies&quot;]]]]\" data-identifier-application__slash__x-cangjie-fragment=\"JTdCJTIya2xhc3MlMjIlM0ElMjJkb2N1bWVudCUyMiUyQyUyMmRhdGElMjIlM0ElN0IlN0QlMkMlMjJub2RlcyUyMiUzQSU1QiU3QiUyMmtsYXNzJTIyJTNBJTIyYmxvY2slMjIlMkMlMjJ0eXBlJTIyJTNBJTIycGFyYWdyYXBoJTIyJTJDJTIyZGF0YSUyMiUzQSU3QiUyMmluZCUyMiUzQSU3QiU3RCUyQyUyMnNwYWNpbmclMjIlM0ElN0IlN0QlMkMlMjJ1dWlkJTIyJTNBJTIybTh3cWMxMTg3ZzFlbHkxYjJvciUyMiU3RCUyQyUyMm5vZGVzJTIyJTNBJTVCJTdCJTIya2xhc3MlMjIlM0ElMjJ0ZXh0JTIyJTJDJTIybGVhdmVzJTIyJTNBJTVCJTdCJTIya2xhc3MlMjIlM0ElMjJsZWFmJTIyJTJDJTIydGV4dCUyMiUzQSUyMlBlcmZlY3QlMjBGb3IlMjIlMkMlMjJtYXJrcyUyMiUzQSU1QiU3QiUyMmtsYXNzJTIyJTNBJTIybWFyayUyMiUyQyUyMnR5cGUlMjIlM0ElMjJib2xkJTIyJTJDJTIyZGF0YSUyMiUzQSU3QiU3RCU3RCUyQyU3QiUyMmtsYXNzJTIyJTNBJTIybWFyayUyMiUyQyUyMnR5cGUlMjIlM0ElMjJzeiUyMiUyQyUyMmRhdGElMjIlM0ElN0IlMjJ2YWx1ZSUyMiUzQTEyJTJDJTIyc3pVbml0JTIyJTNBJTIycHQlMjIlN0QlN0QlMkMlN0IlMjJrbGFzcyUyMiUzQSUyMm1hcmslMjIlMkMlMjJ0eXBlJTIyJTNBJTIyY29sb3IlMjIlMkMlMjJkYXRhJTIyJTNBJTdCJTIydmFsdWUlMjIlM0ElMjJyZ2IoNjQlMkMlMjA2NCUyQyUyMDY0KSUyMiU3RCU3RCU1RCU3RCU1RCU3RCU1RCUyQyUyMmNvbnRlbnRUeXBlJTIyJTNBJTIyY2FuZ2ppZS10ZXh0YmxvY2slMjIlN0QlMkMlN0IlMjJrbGFzcyUyMiUzQSUyMmJsb2NrJTIyJTJDJTIydHlwZSUyMiUzQSUyMnBhcmFncmFwaCUyMiUyQyUyMmRhdGElMjIlM0ElN0IlMjJsaXN0JTIyJTNBJTdCJTIybGlzdElkJTIyJTNBJTIyaXBwaXgyb2pwbmolMjIlMkMlMjJpc09yZGVyZWQlMjIlM0FmYWxzZSUyQyUyMmxldmVsJTIyJTNBMCUyQyUyMmxpc3RTdHlsZSUyMiUzQSU3QiUyMmZvcm1hdCUyMiUzQSUyMmJ1bGxldCUyMiUyQyUyMnRleHQlMjIlM0ElMjIlRTIlOTclOEYlMjIlMkMlMjJhbGlnbiUyMiUzQSUyMmxlZnQlMjIlN0QlN0QlMkMlMjJpbmQlMjIlM0ElN0IlN0QlMkMlMjJzcGFjaW5nJTIyJTNBJTdCJTdEJTJDJTIydXVpZCUyMiUzQSUyMm04d3FjMXIwaTBkY2pyc2txNCUyMiU3RCUyQyUyMm5vZGVzJTIyJTNBJTVCJTdCJTIya2xhc3MlMjIlM0ElMjJ0ZXh0JTIyJTJDJTIybGVhdmVzJTIyJTNBJTVCJTdCJTIya2xhc3MlMjIlM0ElMjJsZWFmJTIyJTJDJTIydGV4dCUyMiUzQSUyMlNuYWNrJTIwZHJhd2VyJTIwZXNzZW50aWFscyUyMiUyQyUyMm1hcmtzJTIyJTNBJTVCJTdCJTIya2xhc3MlMjIlM0ElMjJtYXJrJTIyJTJDJTIydHlwZSUyMiUzQSUyMnN6JTIyJTJDJTIyZGF0YSUyMiUzQSU3QiUyMnZhbHVlJTIyJTNBMTElMkMlMjJzelVuaXQlMjIlM0ElMjJwdCUyMiU3RCU3RCUyQyU3QiUyMmtsYXNzJTIyJTNBJTIybWFyayUyMiUyQyUyMnR5cGUlMjIlM0ElMjJjb2xvciUyMiUyQyUyMmRhdGElMjIlM0ElN0IlMjJ2YWx1ZSUyMiUzQSUyMnJnYig2NCUyQyUyMDY0JTJDJTIwNjQpJTIyJTdEJTdEJTVEJTdEJTVEJTdEJTVEJTJDJTIyY29udGVudFR5cGUlMjIlM0ElMjJjYW5namllLXRleHRibG9jayUyMiU3RCUyQyU3QiUyMmtsYXNzJTIyJTNBJTIyYmxvY2slMjIlMkMlMjJ0eXBlJTIyJTNBJTIycGFyYWdyYXBoJTIyJTJDJTIyZGF0YSUyMiUzQSU3QiUyMmxpc3QlMjIlM0ElN0IlMjJsaXN0SWQlMjIlM0ElMjJpcHBpeDJvanBuaiUyMiUyQyUyMmlzT3JkZXJlZCUyMiUzQWZhbHNlJTJDJTIybGV2ZWwlMjIlM0EwJTJDJTIybGlzdFN0eWxlJTIyJTNBJTdCJTIyZm9ybWF0JTIyJTNBJTIyYnVsbGV0JTIyJTJDJTIydGV4dCUyMiUzQSUyMiVFMiU5NyU4RiUyMiUyQyUyMmFsaWduJTIyJTNBJTIybGVmdCUyMiU3RCU3RCUyQyUyMmluZCUyMiUzQSU3QiU3RCUyQyUyMnNwYWNpbmclMjIlM0ElN0IlN0QlMkMlMjJ1dWlkJTIyJTNBJTIybTh3cWMxcjJkZXVzOXVxMnVrayUyMiU3RCUyQyUyMm5vZGVzJTIyJTNBJTVCJTdCJTIya2xhc3MlMjIlM0ElMjJ0ZXh0JTIyJTJDJTIybGVhdmVzJTIyJTNBJTVCJTdCJTIya2xhc3MlMjIlM0ElMjJsZWFmJTIyJTJDJTIydGV4dCUyMiUzQSUyMkx1bmNoYm94JTIwc3VycHJpc2VzJTIyJTJDJTIybWFya3MlMjIlM0ElNUIlN0IlMjJrbGFzcyUyMiUzQSUyMm1hcmslMjIlMkMlMjJ0eXBlJTIyJTNBJTIyc3olMjIlMkMlMjJkYXRhJTIyJTNBJTdCJTIydmFsdWUlMjIlM0ExMSUyQyUyMnN6VW5pdCUyMiUzQSUyMnB0JTIyJTdEJTdEJTJDJTdCJTIya2xhc3MlMjIlM0ElMjJtYXJrJTIyJTJDJTIydHlwZSUyMiUzQSUyMmNvbG9yJTIyJTJDJTIyZGF0YSUyMiUzQSU3QiUyMnZhbHVlJTIyJTNBJTIycmdiKDY0JTJDJTIwNjQlMkMlMjA2NCklMjIlN0QlN0QlNUQlN0QlNUQlN0QlNUQlMkMlMjJjb250ZW50VHlwZSUyMiUzQSUyMmNhbmdqaWUtdGV4dGJsb2NrJTIyJTdEJTJDJTdCJTIya2xhc3MlMjIlM0ElMjJibG9jayUyMiUyQyUyMnR5cGUlMjIlM0ElMjJwYXJhZ3JhcGglMjIlMkMlMjJkYXRhJTIyJTNBJTdCJTIybGlzdCUyMiUzQSU3QiUyMmxpc3RJZCUyMiUzQSUyMmlwcGl4Mm9qcG5qJTIyJTJDJTIyaXNPcmRlcmVkJTIyJTNBZmFsc2UlMkMlMjJsZXZlbCUyMiUzQTAlMkMlMjJsaXN0U3R5bGUlMjIlM0ElN0IlMjJmb3JtYXQlMjIlM0ElMjJidWxsZXQlMjIlMkMlMjJ0ZXh0JTIyJTNBJTIyJUUyJTk3JThGJTIyJTJDJTIyYWxpZ24lMjIlM0ElMjJsZWZ0JTIyJTdEJTdEJTJDJTIyaW5kJTIyJTNBJTdCJTdEJTJDJTIyc3BhY2luZyUyMiUzQSU3QiU3RCUyQyUyMnV1aWQlMjIlM0ElMjJtOHdxYzFyNXEzY2J4emx3ZzhnJTIyJTdEJTJDJTIybm9kZXMlMjIlM0ElNUIlN0IlMjJrbGFzcyUyMiUzQSUyMnRleHQlMjIlMkMlMjJsZWF2ZXMlMjIlM0ElNUIlN0IlMjJrbGFzcyUyMiUzQSUyMmxlYWYlMjIlMkMlMjJ0ZXh0JTIyJTNBJTIyJUUyJTgwJTlDT29wcyUyMEklMjBmb3Jnb3QlMjBkZXNzZXJ0JUUyJTgwJTlEJTIwZW1lcmdlbmNpZXMlMjIlMkMlMjJtYXJrcyUyMiUzQSU1QiU3QiUyMmtsYXNzJTIyJTNBJTIybWFyayUyMiUyQyUyMnR5cGUlMjIlM0ElMjJzeiUyMiUyQyUyMmRhdGElMjIlM0ElN0IlMjJ2YWx1ZSUyMiUzQTExJTJDJTIyc3pVbml0JTIyJTNBJTIycHQlMjIlN0QlN0QlMkMlN0IlMjJrbGFzcyUyMiUzQSUyMm1hcmslMjIlMkMlMjJ0eXBlJTIyJTNBJTIyY29sb3IlMjIlMkMlMjJkYXRhJTIyJTNBJTdCJTIydmFsdWUlMjIlM0ElMjJyZ2IoNjQlMkMlMjA2NCUyQyUyMDY0KSUyMiU3RCU3RCU1RCU3RCU1RCU3RCU1RCUyQyUyMmNvbnRlbnRUeXBlJTIyJTNBJTIyY2FuZ2ppZS10ZXh0YmxvY2slMjIlN0QlNUQlN0Q=\" data-identifier-application__slash__x-doc-key=\"3BMqY2xpXgzNOwZL\"><em>K\u1ec3 t\u1eeb khi ra m\u1eaft v\u00e0o n\u0103m 2016, h\u01a1n 300 tri\u1ec7u chi\u1ebfc b\u00e1nh XuanMa \u0111\u00e3 \u0111\u01b0\u1ee3c th\u01b0\u1edfng th\u1ee9c tr\u00ean to\u00e0n th\u1ebf gi\u1edbi \u2014 v\u00e0 nay, chi\u1ebfc b\u00e1nh tr\u1ee9ng \u0111\u1eb7c tr\u01b0ng n\u00e0y \u0111\u00e3 c\u00f3 phi\u00ean b\u1ea3n nh\u1eb9 nh\u00e0ng h\u01a1n, ch\u1ec9 c\u1ea7n m\u1ed9t mi\u1ebfng c\u1eafn, \u0111\u01b0\u1ee3c thi\u1ebft k\u1ebf d\u00e0nh ri\u00eang cho th\u00f3i quen \u0103n v\u1eb7t hi\u1ec7n \u0111\u1ea1i.<\/em><br \/>\nM\u1ed9t lo\u1ea1i b\u00e1nh ng\u1ecdt Trung Qu\u1ed1c ph\u1ed5 bi\u1ebfn trong phi\u00ean b\u1ea3n mini! K\u00edch th\u01b0\u1edbc v\u1eeba ph\u1ea3i \u2014 ho\u00e0n h\u1ea3o cho nh\u1eefng ai m\u1edbi th\u1eed ho\u1eb7c mu\u1ed1n \u0103n v\u1eb7t nh\u01b0ng v\u1eabn quan t\u00e2m \u0111\u1ebfn l\u01b0\u1ee3ng calo. Nh\u1ecf g\u1ecdn nh\u01b0ng v\u1eabn \u0111\u1eadm \u0111\u00e0, mang \u0111\u1ebfn tr\u1ecdn v\u1eb9n h\u01b0\u01a1ng v\u1ecb trong m\u1ed9t phi\u00ean b\u1ea3n nh\u1eb9 nh\u00e0ng v\u00e0 ti\u1ec7n l\u1ee3i h\u01a1n. L\u00fd t\u01b0\u1edfng \u0111\u1ec3 l\u00e0m qu\u00e0 t\u1eb7ng, chia s\u1ebb v\u1edbi b\u1ea1n b\u00e8 ho\u1eb7c b\u1ecf v\u00e0o t\u00fai x\u00e1ch cho m\u1ed9t b\u1eefa \u0103n nh\u1eb9 nhanh ch\u00f3ng.<strong>D\u1ecbp &amp; K\u1ebft h\u1ee3p<\/strong><\/p>\n<ul>\n<li>Tr\u00e0 chi\u1ec1u mang \u0111i<\/li>\n<li>Kho \u0111\u1ed3 \u0103n v\u1eb7t trong ng\u0103n k\u00e9o v\u0103n ph\u00f2ng<\/li>\n<li>M\u00f3n qu\u00e0 ng\u1ecdt ng\u00e0o cho khay ti\u1ec7c ho\u1eb7c g\u00f3i qu\u00e0 ch\u0103m s\u00f3c<\/li>\n<\/ul>\n<\/article>","protected":false},"excerpt":{"rendered":"<article class=\"4ever-article\" data-clipboard-cangjie=\"[&quot;root&quot;,{},[&quot;p&quot;,{&quot;ind&quot;:{&quot;left&quot;:0},&quot;spacing&quot;:{},&quot;uuid&quot;:&quot;m8wq9cmtfof42ltm4a7&quot;,&quot;list&quot;:{&quot;listId&quot;:&quot;0vwssaqmv33f&quot;,&quot;level&quot;:0,&quot;isTaskList&quot;:false,&quot;isOrdered&quot;:false,&quot;listStyleType&quot;:&quot;SCIR_ECIR_SREC&quot;,&quot;symbolStyle&quot;:{&quot;sz&quot;:12,&quot;color&quot;:&quot;rgb(64, 64, 64)&quot;},&quot;listStyle&quot;:{&quot;format&quot;:&quot;bullet&quot;,&quot;text&quot;:&quot;\u25cf&quot;,&quot;align&quot;:&quot;left&quot;}}},[&quot;span&quot;,{&quot;data-type&quot;:&quot;text&quot;},[&quot;span&quot;,{&quot;sz&quot;:12,&quot;szUnit&quot;:&quot;pt&quot;,&quot;color&quot;:&quot;rgb(64, 64, 64)&quot;,&quot;data-type&quot;:&quot;leaf&quot;},&quot;The\u00a0&quot;],[&quot;span&quot;,{&quot;bold&quot;:true,&quot;sz&quot;:12,&quot;szUnit&quot;:&quot;pt&quot;,&quot;color&quot;:&quot;rgb(64, 64, 64)&quot;,&quot;data-type&quot;:&quot;leaf&quot;},&quot;mini version of our iconic egg yolk pastry&quot;],[&quot;span&quot;,{&quot;sz&quot;:12,&quot;szUnit&quot;:&quot;pt&quot;,&quot;color&quot;:&quot;rgb(64, 64, 64)&quot;,&quot;data-type&quot;:&quot;leaf&quot;},&quot;! These bite-sized cuties pack all the flavor into one perfect crunch. No crumbs, no fuss \u2013 just pop one in your mouth when you\u2019re:&quot;]]],[&quot;p&quot;,{&quot;list&quot;:{&quot;listId&quot;:&quot;xjfqzrskvbn&quot;,&quot;isOrdered&quot;:false,&quot;level&quot;:0,&quot;listStyle&quot;:{&quot;format&quot;:&quot;bullet&quot;,&quot;text&quot;:&quot;\u25cf&quot;,&quot;align&quot;:&quot;left&quot;}},&quot;ind&quot;:{&quot;left&quot;:32},&quot;spacing&quot;:{},&quot;uuid&quot;:&quot;m8wqbixgb158dj7tao&quot;},[&quot;span&quot;,{&quot;data-type&quot;:&quot;text&quot;},[&quot;span&quot;,{&quot;sz&quot;:11,&quot;szUnit&quot;:&quot;pt&quot;,&quot;color&quot;:&quot;rgb(64, 64, 64)&quot;,&quot;data-type&quot;:&quot;leaf&quot;},&quot;Stuck in traffic jams&quot;]]],[&quot;p&quot;,{&quot;list&quot;:{&quot;listId&quot;:&quot;xjfqzrskvbn&quot;,&quot;isOrdered&quot;:false,&quot;level&quot;:0,&quot;listStyle&quot;:{&quot;format&quot;:&quot;bullet&quot;,&quot;text&quot;:&quot;\u25cf&quot;,&quot;align&quot;:&quot;left&quot;}},&quot;ind&quot;:{&quot;left&quot;:32},&quot;spacing&quot;:{},&quot;uuid&quot;:&quot;m8wqbixhwykpibmrltl&quot;},[&quot;span&quot;,{&quot;data-type&quot;:&quot;text&quot;},[&quot;span&quot;,{&quot;sz&quot;:11,&quot;szUnit&quot;:&quot;pt&quot;,&quot;color&quot;:&quot;rgb(64, 64, 64)&quot;,&quot;data-type&quot;:&quot;leaf&quot;},&quot;Surviving Zoom marathons&quot;]]],[&quot;p&quot;,{&quot;list&quot;:{&quot;listId&quot;:&quot;xjfqzrskvbn&quot;,&quot;isOrdered&quot;:false,&quot;level&quot;:0,&quot;listStyle&quot;:{&quot;format&quot;:&quot;bullet&quot;,&quot;text&quot;:&quot;\u25cf&quot;,&quot;align&quot;:&quot;left&quot;}},&quot;ind&quot;:{&quot;left&quot;:32},&quot;spacing&quot;:{},&quot;uuid&quot;:&quot;m8wqbixhugoaqkvm3bk&quot;},[&quot;span&quot;,{&quot;data-type&quot;:&quot;text&quot;},[&quot;span&quot;,{&quot;sz&quot;:11,&quot;szUnit&quot;:&quot;pt&quot;,&quot;color&quot;:&quot;rgb(64, 64, 64)&quot;,&quot;data-type&quot;:&quot;leaf&quot;},&quot;Pretending to &quot;share&quot; (but really hoarding)&quot;]]],[&quot;p&quot;,{&quot;ind&quot;:{},&quot;spacing&quot;:{},&quot;uuid&quot;:&quot;m8wqbixhdksljrgjho&quot;},[&quot;span&quot;,{&quot;data-type&quot;:&quot;text&quot;},[&quot;span&quot;,{&quot;sz&quot;:12,&quot;szUnit&quot;:&quot;pt&quot;,&quot;color&quot;:&quot;rgb(64, 64, 64)&quot;,&quot;italic&quot;:true,&quot;data-type&quot;:&quot;leaf&quot;},&quot;Pro tip: Hide them from kids. Or don\u2019t \u2013 they\u2019re small enough to guilt-free share.&quot;]]]]\" data-identifier-application__slash__x-cangjie-fragment=\"JTdCJTIya2xhc3MlMjIlM0ElMjJkb2N1bWVudCUyMiUyQyUyMmRhdGElMjIlM0ElN0IlN0QlMkMlMjJub2RlcyUyMiUzQSU1QiU3QiUyMmtsYXNzJTIyJTNBJTIyYmxvY2slMjIlMkMlMjJ0eXBlJTIyJTNBJTIycGFyYWdyYXBoJTIyJTJDJTIyZGF0YSUyMiUzQSU3QiUyMmluZCUyMiUzQSU3QiUyMmxlZnQlMjIlM0EwJTdEJTJDJTIyc3BhY2luZyUyMiUzQSU3QiU3RCUyQyUyMnV1aWQlMjIlM0ElMjJtOHdxOWNtdGZvZjQybHRtNGE3JTIyJTJDJTIybGlzdCUyMiUzQSU3QiUyMmxpc3RJZCUyMiUzQSUyMjB2d3NzYXFtdjMzZiUyMiUyQyUyMmxldmVsJTIyJTNBMCUyQyUyMmlzVGFza0xpc3QlMjIlM0FmYWxzZSUyQyUyMmlzT3JkZXJlZCUyMiUzQWZhbHNlJTJDJTIybGlzdFN0eWxlVHlwZSUyMiUzQSUyMlNDSVJfRUNJUl9TUkVDJTIyJTJDJTIyc3ltYm9sU3R5bGUlMjIlM0ElN0IlMjJzeiUyMiUzQTEyJTJDJTIyY29sb3IlMjIlM0ElMjJyZ2IoNjQlMkMlMjA2NCUyQyUyMDY0KSUyMiU3RCUyQyUyMmxpc3RTdHlsZSUyMiUzQSU3QiUyMmZvcm1hdCUyMiUzQSUyMmJ1bGxldCUyMiUyQyUyMnRleHQlMjIlM0ElMjIlRTIlOTclOEYlMjIlMkMlMjJhbGlnbiUyMiUzQSUyMmxlZnQlMjIlN0QlN0QlN0QlMkMlMjJub2RlcyUyMiUzQSU1QiU3QiUyMmtsYXNzJTIyJTNBJTIydGV4dCUyMiUyQyUyMmxlYXZlcyUyMiUzQSU1QiU3QiUyMmtsYXNzJTIyJTNBJTIybGVhZiUyMiUyQyUyMnRleHQlMjIlM0ElMjJUaGUlQzIlQTAlMjIlMkMlMjJtYXJrcyUyMiUzQSU1QiU3QiUyMmtsYXNzJTIyJTNBJTIybWFyayUyMiUyQyUyMnR5cGUlMjIlM0ElMjJzeiUyMiUyQyUyMmRhdGElMjIlM0ElN0IlMjJ2YWx1ZSUyMiUzQTEyJTJDJTIyc3pVbml0JTIyJTNBJTIycHQlMjIlN0QlN0QlMkMlN0IlMjJrbGFzcyUyMiUzQSUyMm1hcmslMjIlMkMlMjJ0eXBlJTIyJTNBJTIyY29sb3IlMjIlMkMlMjJkYXRhJTIyJTNBJTdCJTIydmFsdWUlMjIlM0ElMjJyZ2IoNjQlMkMlMjA2NCUyQyUyMDY0KSUyMiU3RCU3RCU1RCU3RCUyQyU3QiUyMmtsYXNzJTIyJTNBJTIybGVhZiUyMiUyQyUyMnRleHQlMjIlM0ElMjJtaW5pJTIwdmVyc2lvbiUyMG9mJTIwb3VyJTIwaWNvbmljJTIwZWdnJTIweW9sayUyMHBhc3RyeSUyMiUyQyUyMm1hcmtzJTIyJTNBJTVCJTdCJTIya2xhc3MlMjIlM0ElMjJtYXJrJTIyJTJDJTIydHlwZSUyMiUzQSUyMmJvbGQlMjIlMkMlMjJkYXRhJTIyJTNBJTdCJTdEJTdEJTJDJTdCJTIya2xhc3MlMjIlM0ElMjJtYXJrJTIyJTJDJTIydHlwZSUyMiUzQSUyMnN6JTIyJTJDJTIyZGF0YSUyMiUzQSU3QiUyMnZhbHVlJTIyJTNBMTIlMkMlMjJzelVuaXQlMjIlM0ElMjJwdCUyMiU3RCU3RCUyQyU3QiUyMmtsYXNzJTIyJTNBJTIybWFyayUyMiUyQyUyMnR5cGUlMjIlM0ElMjJjb2xvciUyMiUyQyUyMmRhdGElMjIlM0ElN0IlMjJ2YWx1ZSUyMiUzQSUyMnJnYig2NCUyQyUyMDY0JTJDJTIwNjQpJTIyJTdEJTdEJTVEJTdEJTJDJTdCJTIya2xhc3MlMjIlM0ElMjJsZWFmJTIyJTJDJTIydGV4dCUyMiUzQSUyMiElMjBUaGVzZSUyMGJpdGUtc2l6ZWQlMjBjdXRpZXMlMjBwYWNrJTIwYWxsJTIwdGhlJTIwZmxhdm9yJTIwaW50byUyMG9uZSUyMHBlcmZlY3QlMjBjcnVuY2guJTIwTm8lMjBjcnVtYnMlMkMlMjBubyUyMGZ1c3MlMjAlRTIlODAlOTMlMjBqdXN0JTIwcG9wJTIwb25lJTIwaW4lMjB5b3VyJTIwbW91dGglMjB3aGVuJTIweW91JUUyJTgwJTk5cmUlM0ElMjIlMkMlMjJtYXJrcyUyMiUzQSU1QiU3QiUyMmtsYXNzJTIyJTNBJTIybWFyayUyMiUyQyUyMnR5cGUlMjIlM0ElMjJzeiUyMiUyQyUyMmRhdGElMjIlM0ElN0IlMjJ2YWx1ZSUyMiUzQTEyJTJDJTIyc3pVbml0JTIyJTNBJTIycHQlMjIlN0QlN0QlMkMlN0IlMjJrbGFzcyUyMiUzQSUyMm1hcmslMjIlMkMlMjJ0eXBlJTIyJTNBJTIyY29sb3IlMjIlMkMlMjJkYXRhJTIyJTNBJTdCJTIydmFsdWUlMjIlM0ElMjJyZ2IoNjQlMkMlMjA2NCUyQyUyMDY0KSUyMiU3RCU3RCU1RCU3RCU1RCU3RCU1RCUyQyUyMmNvbnRlbnRUeXBlJTIyJTNBJTIyY2FuZ2ppZS10ZXh0YmxvY2slMjIlN0QlMkMlN0IlMjJrbGFzcyUyMiUzQSUyMmJsb2NrJTIyJTJDJTIydHlwZSUyMiUzQSUyMnBhcmFncmFwaCUyMiUyQyUyMmRhdGElMjIlM0ElN0IlMjJsaXN0JTIyJTNBJTdCJTIybGlzdElkJTIyJTNBJTIyeGpmcXpyc2t2Ym4lMjIlMkMlMjJpc09yZGVyZWQlMjIlM0FmYWxzZSUyQyUyMmxldmVsJTIyJTNBMCUyQyUyMmxpc3RTdHlsZSUyMiUzQSU3QiUyMmZvcm1hdCUyMiUzQSUyMmJ1bGxldCUyMiUyQyUyMnRleHQlMjIlM0ElMjIlRTIlOTclOEYlMjIlMkMlMjJhbGlnbiUyMiUzQSUyMmxlZnQlMjIlN0QlN0QlMkMlMjJpbmQlMjIlM0ElN0IlMjJsZWZ0JTIyJTNBMzIlN0QlMkMlMjJzcGFjaW5nJTIyJTNBJTdCJTdEJTJDJTIydXVpZCUyMiUzQSUyMm04d3FiaXhnYjE1OGRqN3RhbyUyMiU3RCUyQyUyMm5vZGVzJTIyJTNBJTVCJTdCJTIya2xhc3MlMjIlM0ElMjJ0ZXh0JTIyJTJDJTIybGVhdmVzJTIyJTNBJTVCJTdCJTIya2xhc3MlMjIlM0ElMjJsZWFmJTIyJTJDJTIydGV4dCUyMiUzQSUyMlN0dWNrJTIwaW4lMjB0cmFmZmljJTIwamFtcyUyMiUyQyUyMm1hcmtzJTIyJTNBJTVCJTdCJTIya2xhc3MlMjIlM0ElMjJtYXJrJTIyJTJDJTIydHlwZSUyMiUzQSUyMnN6JTIyJTJDJTIyZGF0YSUyMiUzQSU3QiUyMnZhbHVlJTIyJTNBMTElMkMlMjJzelVuaXQlMjIlM0ElMjJwdCUyMiU3RCU3RCUyQyU3QiUyMmtsYXNzJTIyJTNBJTIybWFyayUyMiUyQyUyMnR5cGUlMjIlM0ElMjJjb2xvciUyMiUyQyUyMmRhdGElMjIlM0ElN0IlMjJ2YWx1ZSUyMiUzQSUyMnJnYig2NCUyQyUyMDY0JTJDJTIwNjQpJTIyJTdEJTdEJTVEJTdEJTVEJTdEJTVEJTJDJTIyY29udGVudFR5cGUlMjIlM0ElMjJjYW5namllLXRleHRibG9jayUyMiU3RCUyQyU3QiUyMmtsYXNzJTIyJTNBJTIyYmxvY2slMjIlMkMlMjJ0eXBlJTIyJTNBJTIycGFyYWdyYXBoJTIyJTJDJTIyZGF0YSUyMiUzQSU3QiUyMmxpc3QlMjIlM0ElN0IlMjJsaXN0SWQlMjIlM0ElMjJ4amZxenJza3ZibiUyMiUyQyUyMmlzT3JkZXJlZCUyMiUzQWZhbHNlJTJDJTIybGV2ZWwlMjIlM0EwJTJDJTIybGlzdFN0eWxlJTIyJTNBJTdCJTIyZm9ybWF0JTIyJTNBJTIyYnVsbGV0JTIyJTJDJTIydGV4dCUyMiUzQSUyMiVFMiU5NyU4RiUyMiUyQyUyMmFsaWduJTIyJTNBJTIybGVmdCUyMiU3RCU3RCUyQyUyMmluZCUyMiUzQSU3QiUyMmxlZnQlMjIlM0EzMiU3RCUyQyUyMnNwYWNpbmclMjIlM0ElN0IlN0QlMkMlMjJ1dWlkJTIyJTNBJTIybTh3cWJpeGh3eWtwaWJtcmx0bCUyMiU3RCUyQyUyMm5vZGVzJTIyJTNBJTVCJTdCJTIya2xhc3MlMjIlM0ElMjJ0ZXh0JTIyJTJDJTIybGVhdmVzJTIyJTNBJTVCJTdCJTIya2xhc3MlMjIlM0ElMjJsZWFmJTIyJTJDJTIydGV4dCUyMiUzQSUyMlN1cnZpdmluZyUyMFpvb20lMjBtYXJhdGhvbnMlMjIlMkMlMjJtYXJrcyUyMiUzQSU1QiU3QiUyMmtsYXNzJTIyJTNBJTIybWFyayUyMiUyQyUyMnR5cGUlMjIlM0ElMjJzeiUyMiUyQyUyMmRhdGElMjIlM0ElN0IlMjJ2YWx1ZSUyMiUzQTExJTJDJTIyc3pVbml0JTIyJTNBJTIycHQlMjIlN0QlN0QlMkMlN0IlMjJrbGFzcyUyMiUzQSUyMm1hcmslMjIlMkMlMjJ0eXBlJTIyJTNBJTIyY29sb3IlMjIlMkMlMjJkYXRhJTIyJTNBJTdCJTIydmFsdWUlMjIlM0ElMjJyZ2IoNjQlMkMlMjA2NCUyQyUyMDY0KSUyMiU3RCU3RCU1RCU3RCU1RCU3RCU1RCUyQyUyMmNvbnRlbnRUeXBlJTIyJTNBJTIyY2FuZ2ppZS10ZXh0YmxvY2slMjIlN0QlMkMlN0IlMjJrbGFzcyUyMiUzQSUyMmJsb2NrJTIyJTJDJTIydHlwZSUyMiUzQSUyMnBhcmFncmFwaCUyMiUyQyUyMmRhdGElMjIlM0ElN0IlMjJsaXN0JTIyJTNBJTdCJTIybGlzdElkJTIyJTNBJTIyeGpmcXpyc2t2Ym4lMjIlMkMlMjJpc09yZGVyZWQlMjIlM0FmYWxzZSUyQyUyMmxldmVsJTIyJTNBMCUyQyUyMmxpc3RTdHlsZSUyMiUzQSU3QiUyMmZvcm1hdCUyMiUzQSUyMmJ1bGxldCUyMiUyQyUyMnRleHQlMjIlM0ElMjIlRTIlOTclOEYlMjIlMkMlMjJhbGlnbiUyMiUzQSUyMmxlZnQlMjIlN0QlN0QlMkMlMjJpbmQlMjIlM0ElN0IlMjJsZWZ0JTIyJTNBMzIlN0QlMkMlMjJzcGFjaW5nJTIyJTNBJTdCJTdEJTJDJTIydXVpZCUyMiUzQSUyMm04d3FiaXhodWdvYXFrdm0zYmslMjIlN0QlMkMlMjJub2RlcyUyMiUzQSU1QiU3QiUyMmtsYXNzJTIyJTNBJTIydGV4dCUyMiUyQyUyMmxlYXZlcyUyMiUzQSU1QiU3QiUyMmtsYXNzJTIyJTNBJTIybGVhZiUyMiUyQyUyMnRleHQlMjIlM0ElMjJQcmV0ZW5kaW5nJTIwdG8lMjAlNUMlMjJzaGFyZSU1QyUyMiUyMChidXQlMjByZWFsbHklMjBob2FyZGluZyklMjIlMkMlMjJtYXJrcyUyMiUzQSU1QiU3QiUyMmtsYXNzJTIyJTNBJTIybWFyayUyMiUyQyUyMnR5cGUlMjIlM0ElMjJzeiUyMiUyQyUyMmRhdGElMjIlM0ElN0IlMjJ2YWx1ZSUyMiUzQTExJTJDJTIyc3pVbml0JTIyJTNBJTIycHQlMjIlN0QlN0QlMkMlN0IlMjJrbGFzcyUyMiUzQSUyMm1hcmslMjIlMkMlMjJ0eXBlJTIyJTNBJTIyY29sb3IlMjIlMkMlMjJkYXRhJTIyJTNBJTdCJTIydmFsdWUlMjIlM0ElMjJyZ2IoNjQlMkMlMjA2NCUyQyUyMDY0KSUyMiU3RCU3RCU1RCU3RCU1RCU3RCU1RCUyQyUyMmNvbnRlbnRUeXBlJTIyJTNBJTIyY2FuZ2ppZS10ZXh0YmxvY2slMjIlN0QlMkMlN0IlMjJrbGFzcyUyMiUzQSUyMmJsb2NrJTIyJTJDJTIydHlwZSUyMiUzQSUyMnBhcmFncmFwaCUyMiUyQyUyMmRhdGElMjIlM0ElN0IlMjJpbmQlMjIlM0ElN0IlN0QlMkMlMjJzcGFjaW5nJTIyJTNBJTdCJTdEJTJDJTIydXVpZCUyMiUzQSUyMm04d3FiaXhoZGtzbGpyZ2pobyUyMiU3RCUyQyUyMm5vZGVzJTIyJTNBJTVCJTdCJTIya2xhc3MlMjIlM0ElMjJ0ZXh0JTIyJTJDJTIybGVhdmVzJTIyJTNBJTVCJTdCJTIya2xhc3MlMjIlM0ElMjJsZWFmJTIyJTJDJTIydGV4dCUyMiUzQSUyMlBybyUyMHRpcCUzQSUyMEhpZGUlMjB0aGVtJTIwZnJvbSUyMGtpZHMuJTIwT3IlMjBkb24lRTIlODAlOTl0JTIwJUUyJTgwJTkzJTIwdGhleSVFMiU4MCU5OXJlJTIwc21hbGwlMjBlbm91Z2glMjB0byUyMGd1aWx0LWZyZWUlMjBzaGFyZS4lMjIlMkMlMjJtYXJrcyUyMiUzQSU1QiU3QiUyMmtsYXNzJTIyJTNBJTIybWFyayUyMiUyQyUyMnR5cGUlMjIlM0ElMjJzeiUyMiUyQyUyMmRhdGElMjIlM0ElN0IlMjJ2YWx1ZSUyMiUzQTEyJTJDJTIyc3pVbml0JTIyJTNBJTIycHQlMjIlN0QlN0QlMkMlN0IlMjJrbGFzcyUyMiUzQSUyMm1hcmslMjIlMkMlMjJ0eXBlJTIyJTNBJTIyY29sb3IlMjIlMkMlMjJkYXRhJTIyJTNBJTdCJTIydmFsdWUlMjIlM0ElMjJyZ2IoNjQlMkMlMjA2NCUyQyUyMDY0KSUyMiU3RCU3RCUyQyU3QiUyMmtsYXNzJTIyJTNBJTIybWFyayUyMiUyQyUyMnR5cGUlMjIlM0ElMjJpdGFsaWMlMjIlMkMlMjJkYXRhJTIyJTNBJTdCJTdEJTdEJTVEJTdEJTVEJTdEJTVEJTJDJTIyY29udGVudFR5cGUlMjIlM0ElMjJjYW5namllLXRleHRibG9jayUyMiU3RCU1RCU3RA==\" data-identifier-application__slash__x-doc-key=\"3BMqY2xpXgzNOwZL\">B\u00e1nh tr\u1ee9ng mini n\u00e0y k\u1ebft h\u1ee3p l\u1edbp v\u1ecf gi\u00f2n tan, nh\u00e2n \u0111\u1eadu \u0111\u1ecf m\u1ecbn m\u00e0ng v\u00e0 l\u00f2ng \u0111\u1ecf m\u1eb7n \u0111\u1eadm \u0111\u00e0 \u2013 t\u1ea5t c\u1ea3 h\u00f2a quy\u1ec7n trong m\u1ed9t mi\u1ebfng b\u00e1nh ho\u00e0n h\u1ea3o. D\u1ec5 mang theo, th\u00edch h\u1ee3p l\u00e0m m\u00f3n \u0103n v\u1eb7t v\u00e0 mang l\u1ea1i c\u1ea3m gi\u00e1c th\u1ecfa m\u00e3n tuy\u1ec7t \u0111\u1ed1i.<\/article>","protected":false},"featured_media":27736,"comment_status":"open","ping_status":"closed","template":"","meta":{"_acf_changed":false},"product_brand":[],"product_cat":[94],"product_tag":[95,96,97],"class_list":{"0":"post-27204","1":"product","2":"type-product","3":"status-publish","4":"has-post-thumbnail","6":"product_cat-mini-bites","7":"product_tag-crunchy-sweet-bliss","8":"product_tag-instant-craving-crusher","9":"product_tag-mini-mighty","11":"first","12":"instock","13":"sale","14":"purchasable","15":"product-type-simple"},"acf":[],"_links":{"self":[{"href":"https:\/\/xuanmashop.com\/vi\/wp-json\/wp\/v2\/product\/27204","targetHints":{"allow":["GET"]}}],"collection":[{"href":"https:\/\/xuanmashop.com\/vi\/wp-json\/wp\/v2\/product"}],"about":[{"href":"https:\/\/xuanmashop.com\/vi\/wp-json\/wp\/v2\/types\/product"}],"replies":[{"embeddable":true,"href":"https:\/\/xuanmashop.com\/vi\/wp-json\/wp\/v2\/comments?post=27204"}],"wp:featuredmedia":[{"embeddable":true,"href":"https:\/\/xuanmashop.com\/vi\/wp-json\/wp\/v2\/media\/27736"}],"wp:attachment":[{"href":"https:\/\/xuanmashop.com\/vi\/wp-json\/wp\/v2\/media?parent=27204"}],"wp:term":[{"taxonomy":"product_brand","embeddable":true,"href":"https:\/\/xuanmashop.com\/vi\/wp-json\/wp\/v2\/product_brand?post=27204"},{"taxonomy":"product_cat","embeddable":true,"href":"https:\/\/xuanmashop.com\/vi\/wp-json\/wp\/v2\/product_cat?post=27204"},{"taxonomy":"product_tag","embeddable":true,"href":"https:\/\/xuanmashop.com\/vi\/wp-json\/wp\/v2\/product_tag?post=27204"}],"curies":[{"name":"wp","href":"https:\/\/api.w.org\/{rel}","templated":true}]}}